{"id":109,"date":"2014-03-13T19:11:22","date_gmt":"2014-03-13T19:11:22","guid":{"rendered":"https:\/\/www.testowe.org.pl\/index.php\/zglaszanie-awarii\/"},"modified":"2024-05-15T10:03:06","modified_gmt":"2024-05-15T10:03:06","slug":"zglaszanie-awarii","status":"publish","type":"page","link":"https:\/\/zk-suchab.pl\/index.php\/zglaszanie-awarii\/","title":{"rendered":"Zg\u0142aszanie awarii"},"content":{"rendered":"<h3 style=\"font-family: 'Times New Roman'; font-size: medium; text-align: justify;\"><span style=\"color: #000000; font-family: tahoma, arial, helvetica, sans-serif; font-size: 14pt;\"><strong>ZG\u0141ASZANIE AWARII SIECI WODOCI\u0104GOWEJ LUB KANALIZACYJNEJ<\/strong><\/span><\/h3>\n<p style=\"font-family: 'Times New Roman'; font-size: medium; text-align: justify;\"><span style=\"color: #000000; font-family: tahoma, arial, helvetica, sans-serif; font-size: 14pt;\">Telefon: 33 874 58 10 \u00a0<\/span><\/p>\n<p style=\"font-family: 'Times New Roman'; font-size: medium; text-align: justify;\"><span style=\"color: #000000; font-family: tahoma, arial, helvetica, sans-serif; font-size: 14pt;\">Przyjmujemy interwencje w sprawach:<\/span><\/p>\n<ul style=\"font-family: 'Times New Roman'; font-size: medium; text-align: -webkit-center; margin-bottom: 0cm;\">\n<li style=\"margin: 0cm 0cm 0.0001pt; font-size: 12pt; text-align: justify;\"><span style=\"color: #000000; font-family: tahoma, arial, helvetica, sans-serif; font-size: 14pt;\">awarii wodoci\u0105gowych<\/span><\/li>\n<li style=\"margin: 0cm 0cm 0.0001pt; font-size: 12pt; text-align: justify;\"><span style=\"color: #000000; font-family: tahoma, arial, helvetica, sans-serif; font-size: 14pt;\">wyst\u0105pienia brudnej wody u odbiorc\u00f3w<\/span><\/li>\n<li style=\"margin: 0cm 0cm 0.0001pt; font-size: 12pt; text-align: justify;\"><span style=\"color: #000000; font-family: tahoma, arial, helvetica, sans-serif; font-size: 14pt;\">wyst\u0105pienia brak\u00f3w wody<\/span><\/li>\n<li style=\"margin: 0cm 0cm 0.0001pt; font-size: 12pt; text-align: justify;\"><span style=\"color: #000000; font-family: tahoma, arial, helvetica, sans-serif; font-size: 14pt;\">zator\u00f3w i awarii kanalizacji<\/span><\/li>\n<\/ul>\n","protected":false},"excerpt":{"rendered":"<p>ZG\u0141ASZANIE AWARII SIECI WODOCI\u0104GOWEJ LUB KANALIZACYJNEJ Telefon: 33 874 58 10 \u00a0 Przyjmujemy interwencje w sprawach: awarii wodoci\u0105gowych wyst\u0105pienia brudnej wody u odbiorc\u00f3w wyst\u0105pienia brak\u00f3w wody zator\u00f3w i awarii kanalizacji<\/p>\n","protected":false},"author":1,"featured_media":0,"parent":0,"menu_order":44,"comment_status":"closed","ping_status":"closed","template":"","meta":{"footnotes":""},"class_list":["post-109","page","type-page","status-publish","hentry","post"],"_links":{"self":[{"href":"https:\/\/zk-suchab.pl\/index.php\/wp-json\/wp\/v2\/pages\/109","targetHints":{"allow":["GET"]}}],"collection":[{"href":"https:\/\/zk-suchab.pl\/index.php\/wp-json\/wp\/v2\/pages"}],"about":[{"href":"https:\/\/zk-suchab.pl\/index.php\/wp-json\/wp\/v2\/types\/page"}],"author":[{"embeddable":true,"href":"https:\/\/zk-suchab.pl\/index.php\/wp-json\/wp\/v2\/users\/1"}],"replies":[{"embeddable":true,"href":"https:\/\/zk-suchab.pl\/index.php\/wp-json\/wp\/v2\/comments?post=109"}],"version-history":[{"count":2,"href":"https:\/\/zk-suchab.pl\/index.php\/wp-json\/wp\/v2\/pages\/109\/revisions"}],"predecessor-version":[{"id":1264,"href":"https:\/\/zk-suchab.pl\/index.php\/wp-json\/wp\/v2\/pages\/109\/revisions\/1264"}],"wp:attachment":[{"href":"https:\/\/zk-suchab.pl\/index.php\/wp-json\/wp\/v2\/media?parent=109"}],"curies":[{"name":"wp","href":"https:\/\/api.w.org\/{rel}","templated":true}]}}