{"id":116,"date":"2014-03-14T08:06:35","date_gmt":"2014-03-14T08:06:35","guid":{"rendered":"https:\/\/www.testowe.org.pl\/index.php\/cenniki\/"},"modified":"2026-01-21T10:28:32","modified_gmt":"2026-01-21T10:28:32","slug":"cenniki","status":"publish","type":"page","link":"https:\/\/zk-suchab.pl\/index.php\/cenniki\/","title":{"rendered":"Cennik"},"content":{"rendered":"<p><span style=\"font-size: 14pt;\"><strong><span style=\"text-decoration: underline;\"><span style=\"font-family: Tahoma, sans-serif; color: red; text-decoration: underline;\"><br \/>\n<\/span><\/span><\/strong><strong><span style=\"font-family: Tahoma, sans-serif; color: red;\">1. Pojemniki, kompostowniki, ceny brutto:<\/span><\/strong><\/span><\/p>\n<ul>\n<li><span style=\"font-size: 14pt; font-family: Tahoma, sans-serif; color: #000000;\">pojemnik plastikowy 120L na ko\u0142ach, na odpady &#8211; 159,90 z\u0142<\/span><\/li>\n<li><span style=\"font-size: 14pt; font-family: Tahoma, sans-serif; color: #000000;\">pojemnik plastikowy 240L na ko\u0142ach, na odpady &#8211; na zam\u00f3wienie<\/span><\/li>\n<li><span style=\"font-size: 14pt; font-family: Tahoma, sans-serif; color: #000000;\">pojemnik plastikowy 1100L (kontener) na ko\u0142ach, na odpady &#8211; na zam\u00f3wienie<\/span><\/li>\n<li><span style=\"font-size: 14pt; font-family: Tahoma, sans-serif; color: #000000;\">pojemnik metalowy na popi\u00f3\u0142, ocynkowany, 110L na ko\u0142ach &#8211; 338,25 z\u0142<\/span><\/li>\n<li><span style=\"font-size: 14pt; font-family: Tahoma, sans-serif; color: #000000;\">kompostownik modu\u0142owy o pojemno\u015bci 800L &#8211; na zam\u00f3wienie<\/span><\/li>\n<\/ul>\n<p>&nbsp;<\/p>\n<p><span style=\"font-size: 14pt;\"><strong><span style=\"font-family: Tahoma, sans-serif; color: red;\">2. Sprz\u0119t, ceny netto za godzin\u0119 pracy z operatorem:<\/span><\/strong><\/span><\/p>\n<ul>\n<li><span style=\"font-size: 14pt; font-family: Tahoma, sans-serif; color: #000000;\">Koparko-\u0142adowarka &#8211; 247,06 z\u0142<\/span><\/li>\n<li><span style=\"font-size: 14pt; font-family: Tahoma, sans-serif; color: #000000;\">Kosiarka rotacyjna\/bijakowa z ci\u0105gnikiem &#8211; 187,00 z\u0142<\/span><\/li>\n<li><span style=\"font-size: 14pt; font-family: Tahoma, sans-serif; color: #000000;\">Zamiatarka walcowa, ci\u0105gnikowa &#8211; 273,13 z\u0142<\/span><\/li>\n<li><span style=\"font-size: 14pt; font-family: Tahoma, sans-serif; color: #000000;\">Minikoparka &#8211; 136,51 z\u0142<\/span><\/li>\n<li><span style=\"font-size: 14pt; font-family: Tahoma, sans-serif; color: #000000;\">R\u0119bak z ci\u0105gnikiem i samochodem na zr\u0119bki &#8211; 273,13 z\u0142<\/span><\/li>\n<li><span style=\"font-size: 14pt; font-family: Tahoma, sans-serif; color: #000000;\">Samoch\u00f3d ci\u0119\u017carowy &#8211; 186,89 z\u0142<\/span><\/li>\n<li><span style=\"font-size: 14pt; font-family: Tahoma, sans-serif; color: #000000;\">Samoch\u00f3d dostawczy VW &#8211; 128,37 z\u0142<\/span><\/li>\n<li><span style=\"font-size: 14pt; font-family: Tahoma, sans-serif; color: #000000;\">Ci\u0105gnik z przyczep\u0105 &#8211; 186,89 z\u0142<\/span><\/li>\n<li><span style=\"font-family: tahoma, arial, helvetica, sans-serif; color: #000000; font-size: 14pt;\">Ubijak wibracyjny &#8211; 74,80 z\u0142<\/span><\/li>\n<li><span style=\"font-family: tahoma, arial, helvetica, sans-serif; font-size: 14pt; color: #000000;\">Zag\u0119szczarka &#8211; 40,70 z\u0142<\/span><\/li>\n<li><span style=\"font-family: tahoma, arial, helvetica, sans-serif; font-size: 14pt; color: #000000;\">Przecinarka do asfaltu &#8211; 65,01 z\u0142<\/span><\/li>\n<li><span style=\"font-family: tahoma, arial, helvetica, sans-serif; color: #000000; font-size: 14pt;\">Samoch\u00f3d SC2 WUKO (dodatkowo 8,00 z\u0142\/km) &#8211; 364,21 z\u0142<\/span><\/li>\n<li><span style=\"font-family: tahoma, arial, helvetica, sans-serif; color: #000000; font-size: 14pt;\">Transport wody pitnej w beczce 3m3 (bez kosztu wody) &#8211; 199,98 z\u0142<\/span><\/li>\n<li><span style=\"font-size: 14pt; font-family: Tahoma, sans-serif; color: #000000;\">Zamiatarka Karcher &#8211; 245,52 z\u0142<\/span><\/li>\n<li><span style=\"font-size: 14pt; font-family: Tahoma, sans-serif; color: #000000;\">Kamera do inspekcji kanalizacji sanitarnej &#8211; 147, z\u0142<\/span><\/li>\n<\/ul>\n<p>&nbsp;<\/p>\n<p><span style=\"font-size: 14pt;\"><strong><span style=\"font-family: Tahoma, sans-serif; color: red;\">3. Badanie wody 2026 &#8211; <\/span><\/strong><span style=\"font-family: Tahoma, sans-serif; color: #008000;\"><a style=\"color: #008000;\" href=\"http:\/\/zk-suchab.pl\/wp-content\/uploads\/2025\/12\/Cennik-badanie-wody-w-2026.pdf\" target=\"_blank\" rel=\"noopener\">pobierz<\/a><\/span><\/span><\/p>\n<p><span style=\"font-size: 14pt;\"><strong><span style=\"font-family: Tahoma, sans-serif; color: red;\">4. Badanie \u015bciek\u00f3w 2026 &#8211; <\/span><\/strong><span style=\"font-family: Tahoma, sans-serif; color: #008000;\"><a style=\"color: #008000;\" href=\"http:\/\/zk-suchab.pl\/wp-content\/uploads\/2025\/12\/Badanie-sciekow-w-2026.pdf\" target=\"_blank\" rel=\"noopener\">pobierz<\/a><\/span><\/span><\/p>\n<p><span style=\"font-size: 14pt;\"><strong><span style=\"font-family: Tahoma, sans-serif; color: red;\"><strong>5. Cena wody i \u015bciek\u00f3w:<\/strong><\/span><\/strong><\/span><\/p>\n<ul>\n<li><span style=\"color: #000000; font-size: 14pt; font-family: tahoma, arial, helvetica, sans-serif;\">Informacja o zmianie cen od 12.08.2025r. &#8211;<span style=\"color: #008000;\"> <a href=\"http:\/\/zk-suchab.pl\/wp-content\/uploads\/2025\/12\/Informacja-o-zmianie-cen-12.08.2025-2.pdf\" target=\"_blank\" rel=\"noopener\">pobierz<\/a><\/span><\/span><\/li>\n<li><span style=\"color: #000000; font-size: 14pt; font-family: tahoma, arial, helvetica, sans-serif;\">Informacja o zmianie cen od 12.08.2024r. &#8211;<span style=\"color: #008000;\"> <a style=\"color: #008000;\" href=\"http:\/\/zk-suchab.pl\/wp-content\/uploads\/2025\/02\/2024-Informacja-sierpien-2024.pdf\" target=\"_blank\" rel=\"noopener\">pobierz<\/a><\/span><\/span><\/li>\n<li><span style=\"color: #000000; font-size: 14pt; font-family: tahoma, arial, helvetica, sans-serif;\">Informacja o zmianie cen od 12.08.2023r. &#8211; <span style=\"color: #008000;\"><a style=\"color: #008000;\" href=\"https:\/\/zk-suchab.pl\/wp-content\/uploads\/2014\/03\/2023-Informacja-sierpien-2023-o-zmianie-cen-wody-i-sciekow-z-taryfami-488.pdf\" target=\"_blank\" rel=\"noopener\">pobierz<\/a><\/span><\/span><\/li>\n<li><span style=\"color: #000000; font-family: tahoma, arial, helvetica, sans-serif; font-size: 14pt;\">Decyzja z 3.08.2023r. o zatwierdzeniu taryf &#8211; <span style=\"color: #008000;\"><a style=\"color: #008000;\" href=\"http:\/\/zk-suchab.pl\/wp-content\/uploads\/2024\/10\/Decyzja-z-3.08.2023r.-o-zatwierdzeniu-taryf.pdf\" target=\"_blank\" rel=\"noopener\">pobierz<\/a><\/span><\/span><\/li>\n<\/ul>\n<p>&nbsp;<\/p>\n<p><span style=\"font-size: 14pt;\"><strong><span style=\"font-family: Tahoma, sans-serif; color: red;\">6. Cennik us\u0142ug wodoci\u0105gowych i kanalizacyjnych 2026 &#8211;\u00a0<\/span><\/strong><span style=\"font-family: Tahoma, sans-serif; color: red;\"><span style=\"color: #339966;\"><a style=\"color: #339966;\" href=\"http:\/\/zk-suchab.pl\/wp-content\/uploads\/2026\/01\/Cennik-wodkan-2026.pdf\" target=\"_blank\" rel=\"noopener\">pobierz<\/a><\/span><\/span><\/span><\/p>\n<p><span style=\"color: red; font-size: 14pt;\"><strong><span style=\"font-family: tahoma, arial, helvetica, sans-serif;\">7. \u015arodek poprawiaj\u0105cy w\u0142a\u015bciwo\u015bci gleby &#8222;Suszek Beskidzki&#8221; &#8211; <\/span><\/strong><span style=\"font-family: tahoma, arial, helvetica, sans-serif; color: #008000;\"><a style=\"color: #008000;\" href=\"oferta\/suszek-beskidzki\" target=\"_blank\" rel=\"noopener\">link<\/a><\/span><\/span><\/p>\n<p>&nbsp;<\/p>\n<p>&nbsp;<\/p>\n<table style=\"border-collapse: collapse; height: 5px; width: 702px;\" border=\"0\" cellspacing=\"0\" cellpadding=\"0\">\n<tbody>\n<tr style=\"height: 22.7pt;\">\n<td style=\"width: 463px; padding: 0cm 5.4pt; height: 22.7pt;\"><\/td>\n<\/tr>\n<\/tbody>\n<\/table>\n<p>&nbsp;<\/p>\n<p>&nbsp;<\/p>\n<p>&nbsp;<\/p>\n<p>&nbsp;<\/p>\n<p>&nbsp;<\/p>\n<p>&nbsp;<\/p>\n","protected":false},"excerpt":{"rendered":"<p>1. Pojemniki, kompostowniki, ceny brutto: pojemnik plastikowy 120L na ko\u0142ach, na odpady &#8211; 159,90 z\u0142 pojemnik plastikowy 240L na ko\u0142ach, na odpady &#8211; na zam\u00f3wienie pojemnik plastikowy 1100L (kontener) na ko\u0142ach, na odpady &#8211; na zam\u00f3wienie pojemnik metalowy na popi\u00f3\u0142, ocynkowany, 110L na ko\u0142ach &#8211; 338,25 z\u0142 kompostownik modu\u0142owy o pojemno\u015bci 800L &#8211; na zam\u00f3wienie [&hellip;]<\/p>\n","protected":false},"author":1,"featured_media":0,"parent":0,"menu_order":43,"comment_status":"closed","ping_status":"closed","template":"","meta":{"footnotes":""},"class_list":["post-116","page","type-page","status-publish","hentry","post"],"_links":{"self":[{"href":"https:\/\/zk-suchab.pl\/index.php\/wp-json\/wp\/v2\/pages\/116","targetHints":{"allow":["GET"]}}],"collection":[{"href":"https:\/\/zk-suchab.pl\/index.php\/wp-json\/wp\/v2\/pages"}],"about":[{"href":"https:\/\/zk-suchab.pl\/index.php\/wp-json\/wp\/v2\/types\/page"}],"author":[{"embeddable":true,"href":"https:\/\/zk-suchab.pl\/index.php\/wp-json\/wp\/v2\/users\/1"}],"replies":[{"embeddable":true,"href":"https:\/\/zk-suchab.pl\/index.php\/wp-json\/wp\/v2\/comments?post=116"}],"version-history":[{"count":41,"href":"https:\/\/zk-suchab.pl\/index.php\/wp-json\/wp\/v2\/pages\/116\/revisions"}],"predecessor-version":[{"id":2241,"href":"https:\/\/zk-suchab.pl\/index.php\/wp-json\/wp\/v2\/pages\/116\/revisions\/2241"}],"wp:attachment":[{"href":"https:\/\/zk-suchab.pl\/index.php\/wp-json\/wp\/v2\/media?parent=116"}],"curies":[{"name":"wp","href":"https:\/\/api.w.org\/{rel}","templated":true}]}}