{"id":123,"date":"2014-03-14T10:40:15","date_gmt":"2014-03-14T10:40:15","guid":{"rendered":"https:\/\/www.testowe.org.pl\/index.php\/aktualne-wyniki-badania-wody\/"},"modified":"2026-04-30T10:39:03","modified_gmt":"2026-04-30T10:39:03","slug":"aktualne-wyniki-badania-wody","status":"publish","type":"page","link":"https:\/\/zk-suchab.pl\/index.php\/aktualne-wyniki-badania-wody\/","title":{"rendered":"Aktualne wyniki badania wody"},"content":{"rendered":"<p><strong><span style=\"font-size: 14pt; font-family: arial, helvetica, sans-serif; color: #003300;\">Typ pr\u00f3bki: Woda uzdatniona<\/span><\/strong><\/p>\n<p><strong><span style=\"font-size: 14pt; font-family: arial, helvetica, sans-serif; color: #003300;\">Miejsce pobrania pr\u00f3bki: Stacja Uzdatniania Wody w Suchej Beskidzkiej ul. Za Wod\u0105 37.<\/span><\/strong><\/p>\n<p>&nbsp;<\/p>\n<p><span style=\"font-size: 14pt; font-family: tahoma, arial, helvetica, sans-serif; color: #003300;\"><span style=\"font-size: 18.6667px;\">Badania wykonane w laboratorium Zak\u0142adu Komunalnego:<\/span><\/span><\/p>\n<p><span style=\"color: #003300; font-family: tahoma, arial, helvetica, sans-serif;\"><span style=\"font-size: 14pt;\">Data poboru pr\u00f3bki: 27.04.2026 &#8211; <a href=\"http:\/\/zk-suchab.pl\/wp-content\/uploads\/2026\/04\/27-30.04.2026-r.pdf\" target=\"_blank\" rel=\"noopener\">pobierz<\/a><\/span><\/span><\/p>\n<p>&nbsp;<\/p>\n<p><span style=\"color: #003300; font-family: tahoma, arial, helvetica, sans-serif;\"><span style=\"font-size: 14pt;\"><span style=\"font-size: 18.6667px;\">Badania wykonane w laboratorium akredytowanym SGS Polska &#8211; parametry grupy A:<\/span><\/span><\/span><\/p>\n<p><span style=\"color: #003300; font-family: tahoma, arial, helvetica, sans-serif;\"><span style=\"font-size: 14pt;\"><span style=\"font-size: 18.6667px;\">Data poboru pr\u00f3bki: 02.10.2025 &#8211; <a href=\"http:\/\/zk-suchab.pl\/wp-content\/uploads\/2025\/10\/SUW-A-pazdziernik-2025.pdf\" target=\"_blank\" rel=\"noopener\">pobierz<\/a><\/span><\/span><\/span><\/p>\n<p>&nbsp;<\/p>\n<p><span style=\"color: #003300; font-family: tahoma, arial, helvetica, sans-serif;\"><span style=\"font-size: 14pt;\"><span style=\"font-size: 18.6667px;\">Badania wykonane w laboratorium akredytowanym SGS Polska &#8211; parametry grupy B:<\/span><\/span><\/span><\/p>\n<p><span style=\"color: #003300; font-family: tahoma, arial, helvetica, sans-serif;\"><span style=\"font-size: 14pt;\"><span style=\"font-size: 18.6667px;\">Data poboru pr\u00f3bki: 12.01.2026 &#8211; <a href=\"http:\/\/zk-suchab.pl\/wp-content\/uploads\/2026\/02\/SUW-B-styczen-26.pdf\" target=\"_blank\" rel=\"noopener\">pobierz<\/a><\/span><\/span><\/span><\/p>\n<p>&nbsp;<\/p>\n<p><span style=\"color: #003300; font-family: tahoma, arial, helvetica, sans-serif;\"><span style=\"font-size: 14pt;\"><span style=\"font-size: 18.6667px;\">Monitoring substancji promieniotw\u00f3rczych w wodzie:<\/span><\/span><\/span><\/p>\n<p><span style=\"color: #003300; font-family: tahoma, arial, helvetica, sans-serif;\"><span style=\"font-size: 14pt;\"><span style=\"font-size: 18.6667px;\">Data poboru pr\u00f3bki: 04.01.2022 &#8211;\u00a0<a href=\"https:\/\/zk-suchab.pl\/wp-content\/uploads\/2014\/03\/SUW-2022-promieniotworczosc-12f.pdf\" target=\"_blank\" rel=\"noopener\"><span style=\"color: #0000ff;\">pobierz<\/span><\/a><\/span><\/span><\/span><\/p>\n<p>&nbsp;<\/p>\n<p><span style=\"font-family: tahoma, arial, helvetica, sans-serif;\"><span style=\"font-size: 14pt; color: #003300;\"><span style=\"font-size: 18.6667px;\">Ocena jako\u015bci wody\u00a0<\/span><\/span><span style=\"font-size: 14pt; color: #003300;\"><span style=\"font-size: 18.6667px;\">wydana przez Pa\u0144stwowego Powiatowego Inspektora Sanitarnego<\/span><\/span><\/span><\/p>\n<p><span style=\"font-family: arial, helvetica, sans-serif;\"><span style=\"font-family: tahoma, arial, helvetica, sans-serif;\"><span style=\"font-size: 14pt; color: #003300;\"><span style=\"font-size: 18.6667px;\">w Suchej Beskidzkiej 18.03.2026<\/span><\/span><span style=\"font-size: 14pt; color: #003300;\"> &#8211; <a href=\"http:\/\/zk-suchab.pl\/wp-content\/uploads\/2026\/03\/Ocena-Sanepid-za-2026.pdf\" target=\"_blank\" rel=\"noopener\">pobierz<\/a><\/span><\/span><\/span><\/p>\n<p>&nbsp;<\/p>\n<p><img loading=\"lazy\" decoding=\"async\" class=\"alignnone wp-image-1424\" src=\"http:\/\/zk-suchab.pl\/wp-content\/uploads\/2024\/05\/IMG_E4403-300x225.jpg\" alt=\"\" width=\"964\" height=\"723\" srcset=\"https:\/\/zk-suchab.pl\/wp-content\/uploads\/2024\/05\/IMG_E4403-300x225.jpg 300w, https:\/\/zk-suchab.pl\/wp-content\/uploads\/2024\/05\/IMG_E4403-1024x768.jpg 1024w, https:\/\/zk-suchab.pl\/wp-content\/uploads\/2024\/05\/IMG_E4403-768x576.jpg 768w, https:\/\/zk-suchab.pl\/wp-content\/uploads\/2024\/05\/IMG_E4403-1536x1152.jpg 1536w, https:\/\/zk-suchab.pl\/wp-content\/uploads\/2024\/05\/IMG_E4403-2048x1536.jpg 2048w\" sizes=\"auto, (max-width: 964px) 100vw, 964px\" \/><\/p>\n<p>&nbsp;<\/p>\n","protected":false},"excerpt":{"rendered":"<p>Typ pr\u00f3bki: Woda uzdatniona Miejsce pobrania pr\u00f3bki: Stacja Uzdatniania Wody w Suchej Beskidzkiej ul. Za Wod\u0105 37. &nbsp; Badania wykonane w laboratorium Zak\u0142adu Komunalnego: Data poboru pr\u00f3bki: 27.04.2026 &#8211; pobierz &nbsp; Badania wykonane w laboratorium akredytowanym SGS Polska &#8211; parametry grupy A: Data poboru pr\u00f3bki: 02.10.2025 &#8211; pobierz &nbsp; Badania wykonane w laboratorium akredytowanym SGS [&hellip;]<\/p>\n","protected":false},"author":1,"featured_media":0,"parent":0,"menu_order":42,"comment_status":"closed","ping_status":"closed","template":"","meta":{"footnotes":""},"class_list":["post-123","page","type-page","status-publish","hentry","post"],"_links":{"self":[{"href":"https:\/\/zk-suchab.pl\/index.php\/wp-json\/wp\/v2\/pages\/123","targetHints":{"allow":["GET"]}}],"collection":[{"href":"https:\/\/zk-suchab.pl\/index.php\/wp-json\/wp\/v2\/pages"}],"about":[{"href":"https:\/\/zk-suchab.pl\/index.php\/wp-json\/wp\/v2\/types\/page"}],"author":[{"embeddable":true,"href":"https:\/\/zk-suchab.pl\/index.php\/wp-json\/wp\/v2\/users\/1"}],"replies":[{"embeddable":true,"href":"https:\/\/zk-suchab.pl\/index.php\/wp-json\/wp\/v2\/comments?post=123"}],"version-history":[{"count":202,"href":"https:\/\/zk-suchab.pl\/index.php\/wp-json\/wp\/v2\/pages\/123\/revisions"}],"predecessor-version":[{"id":2390,"href":"https:\/\/zk-suchab.pl\/index.php\/wp-json\/wp\/v2\/pages\/123\/revisions\/2390"}],"wp:attachment":[{"href":"https:\/\/zk-suchab.pl\/index.php\/wp-json\/wp\/v2\/media?parent=123"}],"curies":[{"name":"wp","href":"https:\/\/api.w.org\/{rel}","templated":true}]}}