{"id":139,"date":"2014-03-14T11:03:25","date_gmt":"2014-03-14T11:03:25","guid":{"rendered":"https:\/\/www.testowe.org.pl\/index.php\/charakterystyka-wodociagi\/"},"modified":"2024-05-15T07:55:47","modified_gmt":"2024-05-15T07:55:47","slug":"charakterystyka-wodociagi","status":"publish","type":"page","link":"https:\/\/zk-suchab.pl\/index.php\/uslugi-komunalne\/charakterystyka-wodociagi\/","title":{"rendered":"Stacja Uzdatniania Wody i Wodoci\u0105gi"},"content":{"rendered":"<p style=\"text-align: justify;\"><span style=\"text-decoration: underline; color: #000000;\"><span style=\"font-family: 'arial black', 'avant garde';\"><strong><span style=\"font-size: 12pt;\">W latach 1970-1975 wybudowany zosta\u0142 wodoci\u0105g dla miasta Sucha Beskidzka.<\/span><\/strong><\/span><\/span><\/p>\n<p style=\"text-align: justify;\"><span style=\"font-size: 12pt; font-family: 'arial black', 'avant garde'; color: #000000;\">Wodoci\u0105g miejski zosta\u0142 uruchomiony w marcu 1975 r., a u\u017cytkownikiem urz\u0105dze\u0144 wodoci\u0105gowo-kanalizacyjnych by\u0142o Miejskie, a potem Powiatowe Przedsi\u0119biorstwo Gospodarki Komunalnej w Suchej Beskidzkiej, w sk\u0142ad, kt\u00f3rego wchodzi\u0142 Zak\u0142ad Wodoci\u0105g\u00f3w i Kanalizacji. <\/span><span style=\"font-size: 12pt; font-family: 'arial black', 'avant garde'; color: #000000;\">W 1976 r. w ramach reorganizacji administracyjnej kraju, Sucha Beskidzka (jako rejon wodoci\u0105g\u00f3w i kanalizacji) wchodzi\u0142a w sk\u0142ad Wojew\u00f3dzkich Przedsi\u0119biorstw Wodoci\u0105g\u00f3w i Kanalizacji Zak\u0142ad Nr 2 w \u017bywcu, jako jeden z czterech zak\u0142ad\u00f3w <\/span><span style=\"font-size: 12pt; font-family: 'arial black', 'avant garde'; color: #000000;\">Wojew\u00f3dzkiego Przedsi\u0119biorstwa Wodoci\u0105g\u00f3w i Kanalizacji w Bielsku &#8211; Bia\u0142ej. W\u00f3wczas ca\u0142a dyrekcja jak r\u00f3wnie\u017c zarz\u0105d mie\u015bci\u0142 swoj\u0105 siedzib\u0119 w \u017bywcu. Oddzia\u0142 nr 2 czyli Wodoci\u0105gi Sucha Beskidzka, zlokalizowany zosta\u0142 przy ul. Role tu\u017c ko\u0142o rzeki Stryszawki.<\/span><\/p>\n<p><span style=\"font-family: 'arial black', 'avant garde';\"><span style=\"font-size: 12pt;\">\u00a0<span style=\"color: #000000;\"><img loading=\"lazy\" decoding=\"async\" class=\" size-full wp-image-129\" src=\"https:\/\/zk-suchab.pl\/wp-content\/uploads\/2014\/03\/image003-d5f.png\" alt=\"image003\" width=\"423\" height=\"312\" srcset=\"https:\/\/zk-suchab.pl\/wp-content\/uploads\/2014\/03\/image003-d5f.png 1200w, https:\/\/zk-suchab.pl\/wp-content\/uploads\/2014\/03\/image003-d5f-300x222.png 300w, https:\/\/zk-suchab.pl\/wp-content\/uploads\/2014\/03\/image003-d5f-1024x756.png 1024w, https:\/\/zk-suchab.pl\/wp-content\/uploads\/2014\/03\/image003-d5f-768x567.png 768w\" sizes=\"auto, (max-width: 423px) 100vw, 423px\" \/><\/span><\/span><span style=\"font-size: 12pt; color: #000000;\"><strong><img loading=\"lazy\" decoding=\"async\" class=\" size-full wp-image-130\" src=\"https:\/\/zk-suchab.pl\/wp-content\/uploads\/2014\/03\/image007-207.png\" alt=\"image007\" width=\"423\" height=\"312\" \/><\/strong><\/span><\/span><\/p>\n<p><span style=\"color: #000000; font-family: 'arial black', 'avant garde';\"><strong><span style=\"font-size: 12pt;\">\u00a0<\/span><span style=\"font-size: 12pt;\">Budowa Stacji Uzdatniania Wody<\/span><\/strong><\/span><\/p>\n<p><span style=\"color: #000000;\"><span style=\"font-size: 12pt; font-family: 'arial black', 'avant garde';\">Dnia 01.01.1992 roku zmianie uleg\u0142 obowi\u0105zuj\u0105cy stan prawny i zgodnie z ustaw\u0105 o samorz\u0105dzie terytorialnym powo\u0142ano Miejski Zak\u0142ad Wodoci\u0105g\u00f3w i Kanalizacji w Suchej Beskidzkiej. <\/span><span style=\"font-size: 12pt; font-family: 'arial black', 'avant garde';\">Zak\u0142ad posiada\u0142 r\u00f3wnie\u017c punkt kasowy gdzie przyjmowano nale\u017cno\u015bci za sprzeda\u017c wody i odprowadzenie \u015bciek\u00f3w. <\/span><span style=\"font-size: 12pt; font-family: 'arial black', 'avant garde';\">W roku 2000 MZWiK przej\u0105\u0142 Oczyszczalni\u0119 \u015bciek\u00f3w b\u0119d\u0105c\u0105 w Zarz\u0105dzie Sp\u00f3\u0142ki EKOINSTAL. <\/span><span style=\"font-size: 12pt; font-family: 'arial black', 'avant garde';\">Pierwsz\u0105 powa\u017cn\u0105 modernizacj\u0119 przeprowadzono w roku 2002. Przebudowano w\u00f3wczas uj\u0119cie wody i zmieniono system dezynfekcji wody. W miejsce tradycyjnego chlorowania chlorem gazowym wprowadzono dwutlenek chloru. <\/span><span style=\"font-size: 12pt; font-family: 'arial black', 'avant garde';\">Dzia\u0142ania te podj\u0119to z my\u015bl\u0105 o polepszeniu jako\u015bci wody pitnej i zwi\u0119kszeniu zabezpieczenia przed zanieczyszczeniami mikrobiologicznymi. Wodoci\u0105g miejski jest \u017ar\u00f3d\u0142em zaopatrzenia 85 % mieszka\u0144c\u00f3w w wod\u0119, dlatego te\u017c jako\u015b\u0107 wody dostarczanej do wodoci\u0105gu ma strategiczne znaczenie dla zdrowia mieszka\u0144c\u00f3w i rozwoju samego Miasta.\u00a0<\/span><\/span><span style=\"font-size: 12pt; color: #000000; font-family: 'arial black', 'avant garde';\">Na prze\u0142omie 2005 i 2006 roku przeprowadzono modernizacj\u0119 Stacji Uzdatniania Wody.<br \/>\n10 lutego 2006 r. uruchomiono <span style=\"color: #ff0000;\">pierwsz\u0105 w Polsce<\/span> instalacj\u0119 membranow\u0105 do uzdatniania wody na potrzeby zaopatrzenia w wod\u0119 miasta Sucha Beskidzka.<\/span><\/p>\n<p><span style=\"font-size: 12pt; font-family: 'arial black', 'avant garde'; color: #000000;\"><img loading=\"lazy\" decoding=\"async\" class=\" size-full wp-image-131\" src=\"https:\/\/zk-suchab.pl\/wp-content\/uploads\/2014\/03\/100_0182-30e-scaled.jpg\" alt=\"100 0182\" width=\"645\" height=\"483\" srcset=\"https:\/\/zk-suchab.pl\/wp-content\/uploads\/2014\/03\/100_0182-30e-scaled.jpg 2560w, https:\/\/zk-suchab.pl\/wp-content\/uploads\/2014\/03\/100_0182-30e-300x225.jpg 300w, https:\/\/zk-suchab.pl\/wp-content\/uploads\/2014\/03\/100_0182-30e-1024x768.jpg 1024w, https:\/\/zk-suchab.pl\/wp-content\/uploads\/2014\/03\/100_0182-30e-768x576.jpg 768w, https:\/\/zk-suchab.pl\/wp-content\/uploads\/2014\/03\/100_0182-30e-1536x1152.jpg 1536w, https:\/\/zk-suchab.pl\/wp-content\/uploads\/2014\/03\/100_0182-30e-2048x1536.jpg 2048w\" sizes=\"auto, (max-width: 645px) 100vw, 645px\" \/><\/span><\/p>\n<p><span style=\"font-size: 12pt; font-family: 'arial black', 'avant garde'; color: #000000;\"> Instalacja ta oparta na technologii Pall Microza firmy Pall Corporation, ma wydajno\u015b\u0107 netto do 160m3\/h. Proces Uzdatniania wody jest w pe\u0142ni zautomatyzowany a ingerencja operatora zosta\u0142a ograniczona do absolutnego minimum.<\/span><\/p>\n<p style=\"text-align: right;\"><span style=\"font-size: 12pt; font-family: 'arial black', 'avant garde'; color: #000000;\"><img loading=\"lazy\" decoding=\"async\" class=\" size-full wp-image-132\" src=\"https:\/\/zk-suchab.pl\/wp-content\/uploads\/2014\/03\/100_0178-8b0-scaled.jpg\" alt=\"100 0178\" width=\"645\" height=\"484\" srcset=\"https:\/\/zk-suchab.pl\/wp-content\/uploads\/2014\/03\/100_0178-8b0-scaled.jpg 2560w, https:\/\/zk-suchab.pl\/wp-content\/uploads\/2014\/03\/100_0178-8b0-300x225.jpg 300w, https:\/\/zk-suchab.pl\/wp-content\/uploads\/2014\/03\/100_0178-8b0-1024x768.jpg 1024w, https:\/\/zk-suchab.pl\/wp-content\/uploads\/2014\/03\/100_0178-8b0-768x576.jpg 768w, https:\/\/zk-suchab.pl\/wp-content\/uploads\/2014\/03\/100_0178-8b0-1536x1152.jpg 1536w, https:\/\/zk-suchab.pl\/wp-content\/uploads\/2014\/03\/100_0178-8b0-2048x1536.jpg 2048w\" sizes=\"auto, (max-width: 645px) 100vw, 645px\" \/><\/span><\/p>\n<p><span style=\"color: #000000;\"><span style=\"font-size: 12pt; font-family: 'arial black', 'avant garde';\">Ca\u0142o\u015bci\u0105 procesu uzdatniania zarz\u0105dza komputer z odpowiednim oprogramowaniem. Zmiana ustawie\u0144 i parametr\u00f3w mo\u017ce by\u0107 dokonywana poprzez panel dotykowy b\u0105d\u017a zdalnie za pomoc\u0105 modemu i internetu po zalogowaniu si\u0119 do systemu. <\/span><span style=\"font-size: 12pt; font-family: 'arial black', 'avant garde';\">Procesy membranowe s\u0105 technikami pozwalaj\u0105cymi na separacj\u0119 zanieczyszcze\u0144 na poziomie molekularnym lub jonowym. Nie wymagaj\u0105 dawkowania chemikali\u00f3w oraz nie powoduj\u0105 transformacji zanieczyszcze\u0144. <\/span><span style=\"font-size: 12pt; font-family: 'arial black', 'avant garde';\">Korzy\u015bci jakie wynikaj\u0105 z zastosowania powy\u017cszej techniki w por\u00f3wnaniu z obecnym uzdatnianiem wody to:\u00a0<\/span><\/span><\/p>\n<p><span style=\"font-size: 12pt; font-family: 'arial black', 'avant garde'; color: #000000;\">&#8211; produkcja wody o sta\u0142ej jako\u015bci,\u00a0<\/span><br \/>\n<span style=\"font-size: 12pt; font-family: 'arial black', 'avant garde'; color: #000000;\"> &#8211; znaczne zmniejszenie dodawanych chemikali\u00f3w,<\/span><br \/>\n<span style=\"font-size: 12pt; font-family: 'arial black', 'avant garde'; color: #000000;\">&#8211; zmniejszenie zu\u017cycia energii,\u00a0<\/span><br \/>\n<span style=\"font-size: 12pt; font-family: 'arial black', 'avant garde'; color: #000000;\">&#8211; zwarto\u015b\u0107 instalacji i mo\u017cliwo\u015b\u0107 pe\u0142nej automatyzacji.<\/span><\/p>\n<p><span style=\"font-size: 12pt; font-family: 'arial black', 'avant garde'; color: #000000;\"><img loading=\"lazy\" decoding=\"async\" class=\" size-full wp-image-133\" src=\"https:\/\/zk-suchab.pl\/wp-content\/uploads\/2014\/03\/image002-2d6.jpg\" alt=\"image002\" width=\"524\" height=\"393\" srcset=\"https:\/\/zk-suchab.pl\/wp-content\/uploads\/2014\/03\/image002-2d6.jpg 370w, https:\/\/zk-suchab.pl\/wp-content\/uploads\/2014\/03\/image002-2d6-300x225.jpg 300w\" sizes=\"auto, (max-width: 524px) 100vw, 524px\" \/><\/span><\/p>\n<p><span style=\"font-size: 8pt; font-family: 'arial black', 'avant garde'; color: #000000;\">FILTRY MEMBRANOWE<\/span><\/p>\n<p><span style=\"font-family: 'arial black', 'avant garde'; color: #000000;\"><img loading=\"lazy\" decoding=\"async\" class=\" size-full wp-image-134\" src=\"https:\/\/zk-suchab.pl\/wp-content\/uploads\/2014\/03\/image006-d8e.jpg\" alt=\"image006\" width=\"526\" height=\"395\" srcset=\"https:\/\/zk-suchab.pl\/wp-content\/uploads\/2014\/03\/image006-d8e.jpg 368w, https:\/\/zk-suchab.pl\/wp-content\/uploads\/2014\/03\/image006-d8e-300x225.jpg 300w\" sizes=\"auto, (max-width: 526px) 100vw, 526px\" \/><\/span><br \/>\n<span style=\"font-family: 'arial black', 'avant garde'; color: #000000; font-size: 8pt;\">AUTOMATYCZNY UK\u0141AD DOZOWANIA DO CHEMICZNEGO CZYSZCZENIA MEMBRAN<\/span><\/p>\n<p style=\"text-align: justify;\"><span style=\"font-family: 'arial black', 'avant garde'; font-size: 12pt;\"><strong><span style=\"color: green;\">W pa\u017adzierniku 2014 roku zako\u0144czono modernizacj\u0119 Stacji Uzdatniania Wody<br \/>\n<\/span><\/strong><\/span><span style=\"font-family: 'arial black', 'avant garde'; font-size: 12pt; color: #000000;\">W zakres prac wchodzi\u0142o:<\/span><\/p>\n<p style=\"margin-left: 54pt; text-align: justify; text-indent: -18pt;\"><span style=\"font-family: 'arial black', 'avant garde'; font-size: 12pt; color: #000000;\">&#8211;\u00a0docieplenie stropu, \u015bcian i fundament\u00f3w budynku<\/span><\/p>\n<p style=\"margin-left: 54pt; text-indent: -18pt; text-align: justify;\"><span style=\"font-family: 'arial black', 'avant garde'; font-size: 12pt; color: #000000;\"><img loading=\"lazy\" decoding=\"async\" class=\" size-full wp-image-135\" src=\"https:\/\/zk-suchab.pl\/wp-content\/uploads\/2014\/03\/ws7-82b.JPG\" alt=\"ws7\" width=\"800\" height=\"575\" \/><\/span><\/p>\n<p style=\"margin-left: 54pt; text-align: justify; text-indent: -18pt;\"><span style=\"font-family: 'arial black', 'avant garde'; font-size: 12pt; color: #000000;\">&#8211;\u00a0wymiana stolarki drzwiowej i okiennej<\/span><\/p>\n<p style=\"margin-left: 54pt; text-align: justify; text-indent: -18pt;\"><img loading=\"lazy\" decoding=\"async\" class=\" size-full wp-image-136\" src=\"https:\/\/zk-suchab.pl\/wp-content\/uploads\/2014\/03\/ws6-bfd.JPG\" alt=\"ws6\" width=\"450\" height=\"600\" srcset=\"https:\/\/zk-suchab.pl\/wp-content\/uploads\/2014\/03\/ws6-bfd.JPG 450w, https:\/\/zk-suchab.pl\/wp-content\/uploads\/2014\/03\/ws6-bfd-225x300.jpg 225w\" sizes=\"auto, (max-width: 450px) 100vw, 450px\" \/><\/p>\n<p style=\"margin-left: 54pt; text-align: justify; text-indent: -18pt;\"><span style=\"font-family: 'arial black', 'avant garde'; font-size: 12pt; color: #000000;\">&#8211;\u00a0wymiana kot\u0142owni w\u0119glowej na olejowo ? gazow\u0105 wraz z wyposa\u017ceniem i armatur\u0105<\/span><\/p>\n<p style=\"margin-left: 54pt; text-align: justify; text-indent: -18pt;\"><span style=\"font-family: 'arial black', 'avant garde'; font-size: 12pt; color: #000000;\">&#8211;\u00a0wymiana instalacji centralnego ogrzewania po\u0142\u0105czona z wymian\u0105 grzejnik\u00f3w,<\/span><\/p>\n<p style=\"margin-left: 54pt; text-align: justify; text-indent: -18pt;\"><span style=\"font-family: 'arial black', 'avant garde'; font-size: 12pt; color: #000000;\">&#8211;\u00a0wymiana instalacji ciep\u0142ej wody u\u017cytkowej,<\/span><\/p>\n<p style=\"margin-left: 54pt; text-align: justify; text-indent: -18pt;\"><span style=\"font-family: 'arial black', 'avant garde'; font-size: 12pt; color: #000000;\">&#8211; monta\u017c wymiennika p\u0142ytowego o mocy 15 kW s\u0142u\u017c\u0105cego do przygotowania wody technologicznej.<\/span><\/p>\n<p style=\"margin-left: 54pt; text-align: justify; text-indent: -18pt;\"><span style=\"font-family: 'arial black', 'avant garde'; font-size: 12pt; color: #000000;\"><img loading=\"lazy\" decoding=\"async\" class=\" size-full wp-image-137\" src=\"https:\/\/zk-suchab.pl\/wp-content\/uploads\/2014\/03\/ws4-c51.JPG\" alt=\"ws4\" width=\"800\" height=\"600\" srcset=\"https:\/\/zk-suchab.pl\/wp-content\/uploads\/2014\/03\/ws4-c51.JPG 800w, https:\/\/zk-suchab.pl\/wp-content\/uploads\/2014\/03\/ws4-c51-300x225.jpg 300w, https:\/\/zk-suchab.pl\/wp-content\/uploads\/2014\/03\/ws4-c51-768x576.jpg 768w\" sizes=\"auto, (max-width: 800px) 100vw, 800px\" \/><\/span><\/p>\n<p style=\"margin-left: 54pt; text-align: justify; text-indent: -18pt;\"><span style=\"font-family: 'arial black', 'avant garde'; font-size: 12pt; color: #000000;\">&#8211;\u00a0monta\u017c instalacji fotowoltaicznej zasilaj\u0105cej i wspomagaj\u0105cej urz\u0105dzenia wyposa\u017cenia kot\u0142owni o mocy ok. 1,9 kW.<\/span><\/p>\n<p style=\"margin-left: 54pt; text-align: justify; text-indent: -18pt;\"><span style=\"font-family: 'arial black', 'avant garde'; font-size: 12pt; color: #000000;\"><span style=\"text-align: justify; text-indent: -24px; font-family: 'arial black', 'avant garde'; font-size: 12pt;\">&#8211; \u00a0monta\u017c instalacji solarnej wspomagaj\u0105cej przygotowanie ciep\u0142ej wody u\u017cytkowej\u00a0<\/span><br style=\"text-align: justify; text-indent: -24px;\" \/><span style=\"text-align: justify; text-indent: -24px; font-family: 'arial black', 'avant garde'; font-size: 12pt;\">i technologicznej, wyposa\u017conej w dwa wymienniki o poj. 300 i 1000 l,<\/span><\/span><\/p>\n<p style=\"margin-left: 54pt; text-align: justify; text-indent: -18pt;\"><span style=\"font-family: 'arial black', 'avant garde'; font-size: 12pt; color: #000000;\"><img loading=\"lazy\" decoding=\"async\" class=\" size-full wp-image-138\" src=\"https:\/\/zk-suchab.pl\/wp-content\/uploads\/2014\/03\/ws2-dcf.jpg\" alt=\"ws2\" width=\"800\" height=\"548\" srcset=\"https:\/\/zk-suchab.pl\/wp-content\/uploads\/2014\/03\/ws2-dcf.jpg 800w, https:\/\/zk-suchab.pl\/wp-content\/uploads\/2014\/03\/ws2-dcf-300x206.jpg 300w, https:\/\/zk-suchab.pl\/wp-content\/uploads\/2014\/03\/ws2-dcf-768x526.jpg 768w\" sizes=\"auto, (max-width: 800px) 100vw, 800px\" \/><\/span><\/p>\n<p style=\"text-align: justify;\"><span style=\"color: #000000;\"><span style=\"font-family: 'arial black', 'avant garde'; font-size: 12pt;\">Przeprowadzona termomodernizacja opr\u00f3cz niew\u0105tpliwej poprawy estetyki samego budynku i zmniejszenia emisji zanieczyszcze\u0144 do atmosfery, przyczyni si\u0119 r\u00f3wnie\u017c do obni\u017cenia zu\u017cycia energii cieplnej i elektrycznej. Zadanie zosta\u0142o zrealizowane z wykorzystaniem finansowego wsparcia z ?<strong>Ma\u0142opolskiego Regionalnego Programu Operacyjnego w ramach Europejskiego Funduszu Rozwoju Regionalnego? <\/strong>oraz zaanga\u017cowaniu \u015brodk\u00f3w w\u0142asnych gminy. Udzia\u0142 \u015brodk\u00f3w pomocowych w finansowaniu zadania wyni\u00f3s\u0142 85% koszt\u00f3w kwalifikowanych co ostatecznie prze\u0142o\u017cy\u0142o si\u0119 na 65 % wszystkich koszt\u00f3w.\u00a0<\/span><span style=\"font-family: 'arial black', 'avant garde'; font-size: 12pt;\">\u0141\u0105czna warto\u015b\u0107 wykonanych rob\u00f3t w ramach przeprowadzonej termomodernizacji przekroczy\u0142a 650 tys. z\u0142.<\/span><\/span><\/p>\n","protected":false},"excerpt":{"rendered":"<p>W latach 1970-1975 wybudowany zosta\u0142 wodoci\u0105g dla miasta Sucha Beskidzka. Wodoci\u0105g miejski zosta\u0142 uruchomiony w marcu 1975 r., a u\u017cytkownikiem urz\u0105dze\u0144 wodoci\u0105gowo-kanalizacyjnych by\u0142o Miejskie, a potem Powiatowe Przedsi\u0119biorstwo Gospodarki Komunalnej w Suchej Beskidzkiej, w sk\u0142ad, kt\u00f3rego wchodzi\u0142 Zak\u0142ad Wodoci\u0105g\u00f3w i Kanalizacji. W 1976 r. w ramach reorganizacji administracyjnej kraju, Sucha Beskidzka (jako rejon wodoci\u0105g\u00f3w i [&hellip;]<\/p>\n","protected":false},"author":1,"featured_media":129,"parent":155,"menu_order":40,"comment_status":"closed","ping_status":"closed","template":"","meta":{"footnotes":""},"class_list":["post-139","page","type-page","status-publish","has-post-thumbnail","hentry","post","post-with-thumbnail","post-with-thumbnail-large"],"_links":{"self":[{"href":"https:\/\/zk-suchab.pl\/index.php\/wp-json\/wp\/v2\/pages\/139","targetHints":{"allow":["GET"]}}],"collection":[{"href":"https:\/\/zk-suchab.pl\/index.php\/wp-json\/wp\/v2\/pages"}],"about":[{"href":"https:\/\/zk-suchab.pl\/index.php\/wp-json\/wp\/v2\/types\/page"}],"author":[{"embeddable":true,"href":"https:\/\/zk-suchab.pl\/index.php\/wp-json\/wp\/v2\/users\/1"}],"replies":[{"embeddable":true,"href":"https:\/\/zk-suchab.pl\/index.php\/wp-json\/wp\/v2\/comments?post=139"}],"version-history":[{"count":2,"href":"https:\/\/zk-suchab.pl\/index.php\/wp-json\/wp\/v2\/pages\/139\/revisions"}],"predecessor-version":[{"id":1208,"href":"https:\/\/zk-suchab.pl\/index.php\/wp-json\/wp\/v2\/pages\/139\/revisions\/1208"}],"up":[{"embeddable":true,"href":"https:\/\/zk-suchab.pl\/index.php\/wp-json\/wp\/v2\/pages\/155"}],"wp:featuredmedia":[{"embeddable":true,"href":"https:\/\/zk-suchab.pl\/index.php\/wp-json\/wp\/v2\/media\/129"}],"wp:attachment":[{"href":"https:\/\/zk-suchab.pl\/index.php\/wp-json\/wp\/v2\/media?parent=139"}],"curies":[{"name":"wp","href":"https:\/\/api.w.org\/{rel}","templated":true}]}}