{"id":141,"date":"2014-03-14T11:44:07","date_gmt":"2014-03-14T11:44:07","guid":{"rendered":"https:\/\/www.testowe.org.pl\/index.php\/nielegalny-pobor-wody\/"},"modified":"2014-03-14T11:44:07","modified_gmt":"2014-03-14T11:44:07","slug":"nielegalny-pobor-wody","status":"publish","type":"page","link":"https:\/\/zk-suchab.pl\/index.php\/nielegalny-pobor-wody\/","title":{"rendered":"Nielegalny pob\u00f3r wody"},"content":{"rendered":"<p><span style=\"color: #ff0000;\"><strong><span style=\"font-family: tahoma, arial, helvetica, sans-serif; font-size: 12pt;\">Nielegalny pob\u00f3r wody<\/span><\/strong><\/span><\/p>\n<p style=\"text-align: justify;\"><span style=\"font-family: tahoma, arial, helvetica, sans-serif; font-size: 12pt; color: #000000;\">Zak\u0142ad Komunalny w Suchej Beskidzkiej nierzadko spotyka si\u0119 w swojej dzia\u0142alno\u015bci z problemem nielegalnego poboru wody czy nielegalnego odprowadzania \u015bciek\u00f3w. Wprowadzenie nowych rozwi\u0105za\u0144, jak na przyk\u0142ad stosowanie wodomierzy przystosowanych do odczyt\u00f3w radiowych, pozwala na szybkie wykrywania przypadk\u00f3w kradzie\u017cy wody. Istnieje r\u00f3wnie\u017c mo\u017cliwo\u015b\u0107 wykrywania nielegalnego zrzutu \u015bciek\u00f3w tzw. urz\u0105dzeniem zadymiaj\u0105cym.<\/span><\/p>\n<p style=\"text-align: justify;\"><span style=\"font-family: tahoma, arial, helvetica, sans-serif; font-size: 12pt; color: #000000;\">By jednak zmniejszy\u0107 do minimum przypadki kradzie\u017cy tego typu potrzebne jest r\u00f3wnie\u017c zaanga\u017cowanie wszystkich Odbiorc\u00f3w. Skala bezumownego korzystania z wody i bezumownego zrzutu \u015bciek\u00f3w ma wp\u0142yw na wysoko\u015b\u0107 ponoszonych przez wszystkich odbiorc\u00f3w op\u0142at za wod\u0119 i \u015bcieki.<\/span><\/p>\n<p style=\"text-align: justify;\"><span style=\"color: #000000;\"><strong><span style=\"font-family: tahoma, arial, helvetica, sans-serif; font-size: 12pt;\">Przypominamy, \u017ce:<\/span><\/strong><\/span><\/p>\n<p style=\"text-align: justify;\"><span style=\"color: #000000;\"><strong><span style=\"font-family: tahoma, arial, helvetica, sans-serif; font-size: 12pt;\">&#8211; z nielegalnym poborem wody mamy do czynienia w nast\u0119puj\u0105cych sytuacjach (art. 28 ust. 1-2 Ustawy z dnia 07.06.2001 r. o zbiorowym zaopatrzeniu w wod\u0119 i zbiorowym odprowadzaniu \u015bciek\u00f3w (Dz. U. 2006 rok, nr 123, poz. 858):<\/span><\/strong><\/span><\/p>\n<p style=\"text-align: justify;\"><span style=\"color: #000000;\"><strong><span style=\"font-family: tahoma, arial, helvetica, sans-serif; font-size: 12pt;\">&#8211; poboru wody z urz\u0105dze\u0144 wodoci\u0105gowych bez uprzedniego zawarcia umowy<\/span><\/strong><\/span><\/p>\n<p style=\"text-align: justify;\"><span style=\"color: #000000;\"><strong><span style=\"font-family: tahoma, arial, helvetica, sans-serif; font-size: 12pt;\">&#8211; poboru wody przy celowo uszkodzonych albo pomini\u0119tych wodomierzach lub urz\u0105dzeniach pomiarowych.<\/span><\/strong><\/span><\/p>\n<p><span style=\"color: #ff0000;\"><strong><span style=\"font-family: tahoma, arial, helvetica, sans-serif; font-size: 12pt;\">Wykroczenia te s\u0105 zagro\u017cone kar\u0105 grzywny do 5.000,00 z\u0142.<\/span><\/strong><\/span><\/p>\n<p style=\"text-align: justify;\"><span style=\"font-family: tahoma, arial, helvetica, sans-serif; font-size: 12pt; color: #000000;\">&#8211; nielegalne odprowadzanie \u015bciek\u00f3w ma miejsce w sytuacji wprowadzania \u015bciek\u00f3w do urz\u0105dze\u0144 kanalizacyjnych bez uprzedniego zawarcia umowy (art. 28 ust. 4 Ustawy z dnia 07.06.2001 r. o zbiorowym zaopatrzeniu w wod\u0119 i zbiorowym odprowadzaniu \u015bciek\u00f3w (Dz. U. 2006 rok, nr 123, poz. 858).<\/span><\/p>\n<p style=\"text-align: justify;\"><span style=\"font-family: tahoma, arial, helvetica, sans-serif; font-size: 12pt; color: #000000;\">Nielegalne odprowadzanie \u015bciek\u00f3w jest przest\u0119pstwem i podlega karze ograniczenia wolno\u015bci albo grzywny do 10.000,00 z\u0142.<\/span><\/p>\n<p style=\"text-align: justify;\"><span style=\"font-family: tahoma, arial, helvetica, sans-serif; font-size: 12pt; color: #000000;\">Informacje o nielegalnym poborze wody lub zrzucie \u015bciek\u00f3w mo\u017cna przekazywa\u0107:<\/span><\/p>\n<p style=\"text-align: justify;\"><span style=\"font-family: tahoma, arial, helvetica, sans-serif; font-size: 12pt; color: #000000;\">1. telefonicznie: nr 33 874 58 10 lub 33 874 20 79<\/span><\/p>\n<p style=\"text-align: justify;\"><span style=\"font-family: tahoma, arial, helvetica, sans-serif; font-size: 12pt; color: #000000;\">2. bezpo\u015brednio w Zak\u0142adzie Komunalnym w Suchej Beskidzkiej przy ul. Wadowickiej 4 lub ul. Za wod\u0105 37.<\/span><\/p>\n<p style=\"text-align: justify;\"><span style=\"font-family: tahoma, arial, helvetica, sans-serif; font-size: 12pt; color: #000000;\">3. poczt\u0105 elektroniczn\u0105 poprzez formularz kontaktowy w zak\u0142adce Kontakt<\/span><\/p>\n","protected":false},"excerpt":{"rendered":"<p>Nielegalny pob\u00f3r wody Zak\u0142ad Komunalny w Suchej Beskidzkiej nierzadko spotyka si\u0119 w swojej dzia\u0142alno\u015bci z problemem nielegalnego poboru wody czy nielegalnego odprowadzania \u015bciek\u00f3w. Wprowadzenie nowych rozwi\u0105za\u0144, jak na przyk\u0142ad stosowanie wodomierzy przystosowanych do odczyt\u00f3w radiowych, pozwala na szybkie wykrywania przypadk\u00f3w kradzie\u017cy wody. Istnieje r\u00f3wnie\u017c mo\u017cliwo\u015b\u0107 wykrywania nielegalnego zrzutu \u015bciek\u00f3w tzw. urz\u0105dzeniem zadymiaj\u0105cym. By jednak zmniejszy\u0107 [&hellip;]<\/p>\n","protected":false},"author":1,"featured_media":0,"parent":0,"menu_order":39,"comment_status":"closed","ping_status":"closed","template":"","meta":{"footnotes":""},"class_list":["post-141","page","type-page","status-publish","hentry","post"],"_links":{"self":[{"href":"https:\/\/zk-suchab.pl\/index.php\/wp-json\/wp\/v2\/pages\/141","targetHints":{"allow":["GET"]}}],"collection":[{"href":"https:\/\/zk-suchab.pl\/index.php\/wp-json\/wp\/v2\/pages"}],"about":[{"href":"https:\/\/zk-suchab.pl\/index.php\/wp-json\/wp\/v2\/types\/page"}],"author":[{"embeddable":true,"href":"https:\/\/zk-suchab.pl\/index.php\/wp-json\/wp\/v2\/users\/1"}],"replies":[{"embeddable":true,"href":"https:\/\/zk-suchab.pl\/index.php\/wp-json\/wp\/v2\/comments?post=141"}],"version-history":[{"count":0,"href":"https:\/\/zk-suchab.pl\/index.php\/wp-json\/wp\/v2\/pages\/141\/revisions"}],"wp:attachment":[{"href":"https:\/\/zk-suchab.pl\/index.php\/wp-json\/wp\/v2\/media?parent=141"}],"curies":[{"name":"wp","href":"https:\/\/api.w.org\/{rel}","templated":true}]}}