{"id":143,"date":"2014-03-14T12:21:33","date_gmt":"2014-03-14T12:21:33","guid":{"rendered":"https:\/\/www.testowe.org.pl\/index.php\/uslugi-sprzetem\/"},"modified":"2024-05-08T17:46:35","modified_gmt":"2024-05-08T17:46:35","slug":"uslugi-sprzetem","status":"publish","type":"page","link":"https:\/\/zk-suchab.pl\/index.php\/kosze-i-pojemniki\/uslugi-sprzetem\/","title":{"rendered":"Us\u0142ugi Sprz\u0119tem"},"content":{"rendered":"<p><span style=\"font-size: 12pt; font-family: 'tahoma', 'arial', 'helvetica', sans-serif; color: #008000;\"><strong><span style=\"text-decoration: underline;\"><img loading=\"lazy\" decoding=\"async\" class=\" size-full wp-image-79\" src=\"https:\/\/zk-suchab.pl\/wp-content\/uploads\/2014\/03\/kopiman-78c.jpg\" alt=\"kopiman\" width=\"704\" height=\"245\" \/><\/span><\/strong><\/span><\/p>\n<p><span style=\"font-size: 12pt; font-family: 'tahoma', 'arial', 'helvetica', sans-serif; color: #008000;\"><strong>&nbsp;&nbsp; &nbsp; &nbsp; &nbsp; &nbsp; &nbsp; &nbsp; &nbsp; &nbsp; &nbsp; &nbsp; &nbsp; &nbsp; &nbsp; &nbsp; &nbsp; &nbsp; &nbsp; &nbsp; &nbsp; &nbsp; &nbsp; &nbsp; &nbsp; &nbsp; &nbsp; &nbsp; &nbsp; &nbsp; &nbsp; &nbsp; &nbsp; &nbsp; &nbsp; &nbsp; &nbsp; &nbsp; &nbsp; &nbsp; &nbsp; &nbsp;<span style=\"text-decoration: underline;\"><span style=\"font-size: 10pt; color: #000000; text-decoration: underline;\"><a href=\"strefa-mieszkanca\/cenniki\"><span style=\"color: #000000; text-decoration: underline;\">przejd\u017a do cennika<\/span><\/a>&nbsp;<\/span><\/span>&nbsp; &nbsp; &nbsp; &nbsp; &nbsp; &nbsp; &nbsp; &nbsp; &nbsp; &nbsp; &nbsp; &nbsp; &nbsp; &nbsp; &nbsp; &nbsp; &nbsp; &nbsp; &nbsp; &nbsp; &nbsp; &nbsp; &nbsp; &nbsp; &nbsp; &nbsp; &nbsp; &nbsp; &nbsp; &nbsp; &nbsp; &nbsp; &nbsp; &nbsp; &nbsp; &nbsp; &nbsp; &nbsp;<\/strong><\/span><\/p>\n<p><span style=\"color: #008000; font-family: tahoma, arial, helvetica, sans-serif; font-size: 14pt;\">&#8211; us\u0142ugi minikopark\u0105<\/span><\/p>\n<p><span style=\"font-family: tahoma, arial, helvetica, sans-serif; font-size: 14pt;\"><span style=\"color: #008000;\">&#8211; us\u0142ugi koparko-\u0142adowark\u0105<\/span><\/span><\/p>\n<p><span style=\"font-family: tahoma, arial, helvetica, sans-serif; font-size: 14pt;\"><span style=\"color: #008000;\">&#8211; us\u0142ugi r\u0119bakiem do ga\u0142\u0119zi<\/span><span style=\"color: #008000;\"><\/span><\/span><\/p>\n<p><span style=\"color: #008000; font-family: tahoma, arial, helvetica, sans-serif; font-size: 14pt;\"><span style=\"color: #008000;\">&#8211; wykaszanie kosiark\u0105 rotacyjn\u0105<\/span><\/span><\/p>\n<p><span style=\"color: #008000; font-family: tahoma, arial, helvetica, sans-serif; font-size: 14pt;\">&#8211; zbi\u00f3r i transport nieczysto\u015bci sta\u0142ych od gospodarstw domowych i podmiot\u00f3w gospodarczych<\/span><\/p>\n<p><span style=\"color: #008000; font-family: tahoma, arial, helvetica, sans-serif; font-size: 14pt;\">&#8211; transport nieczysto\u015bci sta\u0142ych w kontenerach KP-7<\/span><\/p>\n<p><span style=\"color: #008000; font-family: tahoma, arial, helvetica, sans-serif; font-size: 14pt;\">&#8211; wynajem samochod\u00f3w ci\u0119\u017carowych i dostawczych<\/span><\/p>\n<p><span style=\"color: #008000; font-family: tahoma, arial, helvetica, sans-serif; font-size: 14pt;\">&#8211; roboty drogowe :<\/span><\/p>\n<p><span style=\"color: #008000; font-family: tahoma, arial, helvetica, sans-serif; font-size: 14pt;\">&#8211; remonty dr\u00f3g&nbsp;<\/span><\/p>\n<p><span style=\"color: #008000; font-family: tahoma, arial, helvetica, sans-serif; font-size: 14pt;\">&#8211; wykonywanie kompleksowe chodnik\u00f3w, parking\u00f3w, plac\u00f3w itp. z kostki brukowej wraz z podbudow\u0105<\/span><\/p>\n<p><span style=\"color: #008000; font-family: tahoma, arial, helvetica, sans-serif; font-size: 14pt;\">&#8211; wykonywanie oraz naprawa przepust\u00f3w drogowych<\/span><\/p>\n<p><span style=\"color: #008000; font-family: tahoma, arial, helvetica, sans-serif; font-size: 14pt;\">&#8211; wykopy mechaniczne obiekt\u00f3w oraz \u0142aw fundamentowych dla budownictwa mieszkaniowego<\/span><\/p>\n<p><span style=\"color: #008000; font-family: tahoma, arial, helvetica, sans-serif; font-size: 14pt;\">&#8211; prowadzenie zimowego utrzymania dr\u00f3g gminnych, parking\u00f3w, plac\u00f3w zak\u0142adowych itp.<\/span><\/p>\n<p><span style=\"color: #008000; font-family: tahoma, arial, helvetica, sans-serif; font-size: 14pt;\">&#8211; utrzymanie w czysto\u015bci dr\u00f3g miejskich<\/span><\/p>\n<p>&nbsp;<\/p>\n<p><a href=\"strefa-mieszkanca\/cenniki\"><\/a><\/p>\n<p>&nbsp;<\/p>\n","protected":false},"excerpt":{"rendered":"<p>&nbsp;&nbsp; &nbsp; &nbsp; &nbsp; &nbsp; &nbsp; &nbsp; &nbsp; &nbsp; &nbsp; &nbsp; &nbsp; &nbsp; &nbsp; &nbsp; &nbsp; &nbsp; &nbsp; &nbsp; &nbsp; &nbsp; &nbsp; &nbsp; &nbsp; &nbsp; &nbsp; &nbsp; &nbsp; &nbsp; &nbsp; &nbsp; &nbsp; &nbsp; &nbsp; &nbsp; &nbsp; &nbsp; &nbsp; &nbsp; &nbsp; &nbsp;przejd\u017a do cennika&nbsp;&nbsp; &nbsp; &nbsp; &nbsp; &nbsp; &nbsp; &nbsp; &nbsp; &nbsp; &nbsp; &nbsp; &nbsp; &nbsp; [&hellip;]<\/p>\n","protected":false},"author":1,"featured_media":79,"parent":98,"menu_order":38,"comment_status":"closed","ping_status":"closed","template":"","meta":{"footnotes":""},"class_list":["post-143","page","type-page","status-publish","has-post-thumbnail","hentry","post","post-with-thumbnail","post-with-thumbnail-large"],"_links":{"self":[{"href":"https:\/\/zk-suchab.pl\/index.php\/wp-json\/wp\/v2\/pages\/143","targetHints":{"allow":["GET"]}}],"collection":[{"href":"https:\/\/zk-suchab.pl\/index.php\/wp-json\/wp\/v2\/pages"}],"about":[{"href":"https:\/\/zk-suchab.pl\/index.php\/wp-json\/wp\/v2\/types\/page"}],"author":[{"embeddable":true,"href":"https:\/\/zk-suchab.pl\/index.php\/wp-json\/wp\/v2\/users\/1"}],"replies":[{"embeddable":true,"href":"https:\/\/zk-suchab.pl\/index.php\/wp-json\/wp\/v2\/comments?post=143"}],"version-history":[{"count":1,"href":"https:\/\/zk-suchab.pl\/index.php\/wp-json\/wp\/v2\/pages\/143\/revisions"}],"predecessor-version":[{"id":825,"href":"https:\/\/zk-suchab.pl\/index.php\/wp-json\/wp\/v2\/pages\/143\/revisions\/825"}],"up":[{"embeddable":true,"href":"https:\/\/zk-suchab.pl\/index.php\/wp-json\/wp\/v2\/pages\/98"}],"wp:featuredmedia":[{"embeddable":true,"href":"https:\/\/zk-suchab.pl\/index.php\/wp-json\/wp\/v2\/media\/79"}],"wp:attachment":[{"href":"https:\/\/zk-suchab.pl\/index.php\/wp-json\/wp\/v2\/media?parent=143"}],"curies":[{"name":"wp","href":"https:\/\/api.w.org\/{rel}","templated":true}]}}