{"id":150,"date":"2014-03-14T12:38:29","date_gmt":"2014-03-14T12:38:29","guid":{"rendered":"https:\/\/www.testowe.org.pl\/index.php\/uslugi-transportowe\/"},"modified":"2024-05-08T17:46:35","modified_gmt":"2024-05-08T17:46:35","slug":"uslugi-transportowe","status":"publish","type":"page","link":"https:\/\/zk-suchab.pl\/index.php\/kosze-i-pojemniki\/uslugi-sprzetem\/uslugi-transportowe\/","title":{"rendered":"Us\u0142ugi transportowe"},"content":{"rendered":"<p><span style=\"text-decoration: underline;\"><strong><span style=\"color: #008000; font-family: 'arial', 'helvetica', sans-serif; font-size: 14pt; text-decoration: underline;\"><span style=\"color: #003300; text-decoration: underline;\">\u015awiadczymy us\u0142ugi transportowe samochodami<\/span>:<\/span><\/strong><\/span><\/p>\n<p><span style=\"color: #000000; font-family: arial, helvetica, sans-serif; font-size: 14pt;\">1. Man &#8211; \u0142adowno\u015b\u0107 4000 kg, nap\u0119d 4&#215;4<\/span><\/p>\n<p><span style=\"color: #000000; font-family: arial, helvetica, sans-serif; font-size: 14pt;\">2. Iveco Daily&nbsp;<span style=\"color: #000000; font-family: 'arial', 'helvetica', sans-serif; font-size: 14pt;\">&#8211; \u0142adowno\u015b\u0107 2700 kg,<\/span>&nbsp;z urz\u0105dzeniem d\u017awigowym HDS&nbsp;<\/span><\/p>\n<p><span style=\"color: #000000; font-family: arial, helvetica, sans-serif; font-size: 14pt;\">3. VW Transporter T5 &#8211; \u0142adowno\u015b\u0107 750 kg<\/span><\/p>\n<p><span style=\"color: #000000; font-family: arial, helvetica, sans-serif; font-size: 14pt;\"><img loading=\"lazy\" decoding=\"async\" class=\" size-full wp-image-145\" src=\"https:\/\/zk-suchab.pl\/wp-content\/uploads\/2014\/03\/Man-b6b.jpg\" alt=\"Man\" width=\"800\" height=\"540\" \/><\/span><\/p>\n<p><span style=\"color: #000000; font-family: arial, helvetica, sans-serif; font-size: 14pt;\"><img loading=\"lazy\" decoding=\"async\" class=\" size-full wp-image-146\" src=\"https:\/\/zk-suchab.pl\/wp-content\/uploads\/2014\/03\/Iveco-602.jpg\" alt=\"Iveco\" width=\"406\" height=\"281\" srcset=\"https:\/\/zk-suchab.pl\/wp-content\/uploads\/2014\/03\/Iveco-602.jpg 800w, https:\/\/zk-suchab.pl\/wp-content\/uploads\/2014\/03\/Iveco-602-300x208.jpg 300w, https:\/\/zk-suchab.pl\/wp-content\/uploads\/2014\/03\/Iveco-602-768x532.jpg 768w\" sizes=\"auto, (max-width: 406px) 100vw, 406px\" \/>&nbsp;<img loading=\"lazy\" decoding=\"async\" class=\" size-full wp-image-147\" src=\"https:\/\/zk-suchab.pl\/wp-content\/uploads\/2014\/03\/VwT5-819.jpg\" alt=\"VwT5\" width=\"389\" height=\"281\" \/><\/span><\/p>\n<p><img loading=\"lazy\" decoding=\"async\" class=\" size-full wp-image-148\" src=\"https:\/\/zk-suchab.pl\/wp-content\/uploads\/2014\/03\/Ivecoigklakiem-db2.jpg\" alt=\"Ivecoigklakiem\" width=\"800\" height=\"600\" srcset=\"https:\/\/zk-suchab.pl\/wp-content\/uploads\/2014\/03\/Ivecoigklakiem-db2.jpg 800w, https:\/\/zk-suchab.pl\/wp-content\/uploads\/2014\/03\/Ivecoigklakiem-db2-300x225.jpg 300w, https:\/\/zk-suchab.pl\/wp-content\/uploads\/2014\/03\/Ivecoigklakiem-db2-768x576.jpg 768w\" sizes=\"auto, (max-width: 800px) 100vw, 800px\" \/><\/p>\n<p style=\"text-align: left;\"><a href=\"strefa-mieszkanca\/cenniki\"><img loading=\"lazy\" decoding=\"async\" class=\" size-full wp-image-149\" src=\"https:\/\/zk-suchab.pl\/wp-content\/uploads\/2014\/03\/Cennikprzejdz-411.jpg\" alt=\"Cennikprzejdz\" width=\"140\" height=\"93\" \/><\/a><\/p>\n<p>&nbsp;<\/p>\n","protected":false},"excerpt":{"rendered":"<p>\u015awiadczymy us\u0142ugi transportowe samochodami: 1. Man &#8211; \u0142adowno\u015b\u0107 4000 kg, nap\u0119d 4&#215;4 2. Iveco Daily&nbsp;&#8211; \u0142adowno\u015b\u0107 2700 kg,&nbsp;z urz\u0105dzeniem d\u017awigowym HDS&nbsp; 3. VW Transporter T5 &#8211; \u0142adowno\u015b\u0107 750 kg &nbsp; &nbsp;<\/p>\n","protected":false},"author":1,"featured_media":145,"parent":143,"menu_order":37,"comment_status":"closed","ping_status":"closed","template":"","meta":{"footnotes":""},"class_list":["post-150","page","type-page","status-publish","has-post-thumbnail","hentry","post","post-with-thumbnail","post-with-thumbnail-large"],"_links":{"self":[{"href":"https:\/\/zk-suchab.pl\/index.php\/wp-json\/wp\/v2\/pages\/150","targetHints":{"allow":["GET"]}}],"collection":[{"href":"https:\/\/zk-suchab.pl\/index.php\/wp-json\/wp\/v2\/pages"}],"about":[{"href":"https:\/\/zk-suchab.pl\/index.php\/wp-json\/wp\/v2\/types\/page"}],"author":[{"embeddable":true,"href":"https:\/\/zk-suchab.pl\/index.php\/wp-json\/wp\/v2\/users\/1"}],"replies":[{"embeddable":true,"href":"https:\/\/zk-suchab.pl\/index.php\/wp-json\/wp\/v2\/comments?post=150"}],"version-history":[{"count":1,"href":"https:\/\/zk-suchab.pl\/index.php\/wp-json\/wp\/v2\/pages\/150\/revisions"}],"predecessor-version":[{"id":826,"href":"https:\/\/zk-suchab.pl\/index.php\/wp-json\/wp\/v2\/pages\/150\/revisions\/826"}],"up":[{"embeddable":true,"href":"https:\/\/zk-suchab.pl\/index.php\/wp-json\/wp\/v2\/pages\/143"}],"wp:featuredmedia":[{"embeddable":true,"href":"https:\/\/zk-suchab.pl\/index.php\/wp-json\/wp\/v2\/media\/145"}],"wp:attachment":[{"href":"https:\/\/zk-suchab.pl\/index.php\/wp-json\/wp\/v2\/media?parent=150"}],"curies":[{"name":"wp","href":"https:\/\/api.w.org\/{rel}","templated":true}]}}