{"id":171,"date":"2014-03-18T07:59:02","date_gmt":"2014-03-18T07:59:02","guid":{"rendered":"https:\/\/www.testowe.org.pl\/index.php\/jak-zalatwic-sprawe\/"},"modified":"2026-02-26T06:50:25","modified_gmt":"2026-02-26T06:50:25","slug":"jak-zalatwic-sprawe","status":"publish","type":"page","link":"https:\/\/zk-suchab.pl\/index.php\/jak-zalatwic-sprawe\/","title":{"rendered":"Jak za\u0142atwi\u0107 spraw\u0119"},"content":{"rendered":"<ul>\n<li><span style=\"font-family: tahoma, arial, helvetica, sans-serif; font-size: 14pt;\"><span style=\"font-family: tahoma, arial, helvetica, sans-serif; font-size: 14pt;\"><span style=\"font-family: tahoma, arial, helvetica, sans-serif; font-size: 14pt;\"><span style=\"font-family: tahoma, arial, helvetica, sans-serif; font-size: 14pt;\"><span style=\"font-family: tahoma, arial, helvetica, sans-serif;\"><strong><strong><span style=\"color: black;\">Zam\u00f3wienie kontenera KP7\u00a0 &#8211;<\/span><\/strong><\/strong> pobierz<\/span><\/span><\/span><\/span><\/span><\/li>\n<li><span style=\"font-family: tahoma, arial, helvetica, sans-serif; font-size: 14pt;\"><span style=\"font-family: tahoma, arial, helvetica, sans-serif; font-size: 14pt;\"><strong><span style=\"color: black;\">Wydawanie warunk\u00f3w technicznych wykonania przy\u0142\u0105cza wodno-kanalizacyjnego<\/span><\/strong><\/span><\/span><\/li>\n<\/ul>\n<p><span style=\"font-family: tahoma, arial, helvetica, sans-serif; font-size: 14pt;\"><span style=\"color: #083e15;\">Wydaje dzia\u0142 Wodoci\u0105g\u00f3w i Kanalizacji; <\/span><span style=\"color: #083e15;\">ul. Za wod\u0105 37 tel. 33 874 58 10.<\/span><\/span><\/p>\n<p><span style=\"color: #083e15; font-family: tahoma, arial, helvetica, sans-serif; font-size: 14pt;\">Termin oczekiwania do 14 dni.<\/span><\/p>\n<p><span style=\"color: #083e15; font-family: tahoma, arial, helvetica, sans-serif; font-size: 14pt;\">Potrzebne dokumenty: <\/span><\/p>\n<p><span style=\"font-family: tahoma, arial, helvetica, sans-serif; font-size: 14pt;\"><span style=\"color: #083e15;\">&#8211; wniosek o wydanie warunk\u00f3w &#8211; <a href=\"http:\/\/zk-suchab.pl\/wp-content\/uploads\/2025\/10\/wniosek-o-wydanie-warunkow-technicznych-akt-oplata-i-podpisem-10.2025.pdf\" target=\"_blank\" rel=\"noopener\">pobierz<\/a><\/span><\/span><\/p>\n<p><span style=\"color: #083e15; font-family: tahoma, arial, helvetica, sans-serif; font-size: 14pt;\">&#8211; mapa sytuacyjno &#8211; wysoko\u015bciowa (ewidencyjna)<\/span><\/p>\n<p><span style=\"color: #083e15; font-family: tahoma, arial, helvetica, sans-serif; font-size: 14pt;\">&#8211; dokument potwierdzaj\u0105cy tytu\u0142 prawny do korzystania z nieruchomo\u015bci<\/span><\/p>\n<p>&nbsp;<\/p>\n<ul>\n<li><span style=\"font-family: tahoma, arial, helvetica, sans-serif; font-size: 14pt;\"><strong><span style=\"color: black;\">Wydawanie uzgodnie\u0144 bran\u017cowych wzgl. sieci wod. &#8211; kan<\/span><\/strong><\/span><\/li>\n<\/ul>\n<p><span style=\"font-family: tahoma, arial, helvetica, sans-serif; font-size: 14pt;\"><span style=\"color: #083e15;\">Wydaje dzia\u0142 Wodoci\u0105g\u00f3w i Kanalizacji; <\/span><span style=\"color: #083e15;\">ul. Za wod\u0105 37 tel. 33 874 58 10.<\/span><\/span><\/p>\n<p><span style=\"color: #083e15; font-family: tahoma, arial, helvetica, sans-serif; font-size: 14pt;\">Termin oczekiwania do 14 dni, wolne od op\u0142at.<\/span><\/p>\n<p><span style=\"color: #083e15; font-family: tahoma, arial, helvetica, sans-serif; font-size: 14pt;\">Mapa sytuacyjno &#8211; wysoko\u015bciowa (ewidencyjna).<\/span><\/p>\n<p>&nbsp;<\/p>\n<ul>\n<li><span style=\"font-family: tahoma, arial, helvetica, sans-serif; font-size: 14pt;\"><strong><span style=\"color: black;\">Udzielanie informacji dotycz\u0105cych przebiegu sieci wod. &#8211; kan<\/span><\/strong><\/span><\/li>\n<\/ul>\n<p><span style=\"font-family: tahoma, arial, helvetica, sans-serif; font-size: 14pt;\"><span style=\"color: #083e15;\">Udziela dzia\u0142 Wodoci\u0105g\u00f3w i Kanalizacji; <\/span><span style=\"color: #083e15;\">ul. Za wod\u0105 37 tel. 33 874 58 10.<\/span><\/span><\/p>\n<p><span style=\"color: #083e15; font-family: tahoma, arial, helvetica, sans-serif; font-size: 14pt;\">Termin oczekiwania do 14 dni, wolne od op\u0142at.<\/span><\/p>\n<p>&nbsp;<\/p>\n<ul style=\"list-style-type: disc;\">\n<li><span style=\"font-family: tahoma, arial, helvetica, sans-serif; font-size: 14pt;\"><strong><span style=\"color: black;\">\u00a0 Spisanie umowy z Zak\u0142adem Komunalnym na zaopatrzenie w wod\u0119 i odprowadzenie \u015bciek\u00f3w.<\/span><\/strong><\/span><\/li>\n<\/ul>\n<p><span style=\"font-family: tahoma, arial, helvetica, sans-serif; font-size: 14pt;\"><span style=\"color: #083e15;\">Ul. Wadowicka 4; parter pok. 4 tel. 33 874 20 79 w. 217 lub przy ul.<\/span><span style=\"color: #083e15;\"> Za wod\u0105 37 tel. 33 874 58 10.<\/span><\/span><\/p>\n<p><span style=\"font-family: tahoma, arial, helvetica, sans-serif; font-size: 14pt;\"><span style=\"color: #083e15;\">Realizacja w tym samym dniu, wolne od op\u0142at,<\/span><span style=\"color: #083e15;\"> osobi\u015bcie w Zak\u0142adzie.<\/span><\/span><\/p>\n<p><span style=\"color: #083e15; font-family: tahoma, arial, helvetica, sans-serif; font-size: 14pt;\">Dokumenty do pobrania:<\/span><\/p>\n<p><span style=\"color: #083e15; font-family: tahoma, arial, helvetica, sans-serif; font-size: 14pt;\">&#8211; wniosek o zawarcie umowy &#8211; <a href=\"http:\/\/zk-suchab.pl\/wp-content\/uploads\/2025\/10\/WNIOSEK-O-ZAWARCIE-UMOWY-2025.pdf\" target=\"_blank\" rel=\"noopener\">pobierz<\/a><\/span><\/p>\n<p><span style=\"color: #083e15; font-family: tahoma, arial, helvetica, sans-serif; font-size: 14pt;\">&#8211; wniosek o rozwi\u0105zanie umowy &#8211; <a href=\"http:\/\/zk-suchab.pl\/wp-content\/uploads\/2025\/10\/WNIOSEK-O-ROZWIAZANIE-UMOWY-2025.pdf\" target=\"_blank\" rel=\"noopener\">pobierz<\/a><\/span><\/p>\n<p><span style=\"color: #083e15; font-family: tahoma, arial, helvetica, sans-serif; font-size: 14pt;\">&#8211; wniosek o nienaliczanie op\u0142at za \u015bcieki &#8211; <span style=\"color: #0000ff;\"><a href=\"https:\/\/zk-suchab.pl\/wp-content\/uploads\/2014\/03\/wniosek-o-nienaliczanie-oplaty-za-scieki-2019r.-342.pdf\" target=\"_blank\" rel=\"noopener\"><span style=\"color: #0000ff;\">pobierz<\/span><\/a><\/span><\/span><\/p>\n<p><span style=\"font-family: tahoma, arial, helvetica, sans-serif; font-size: 14pt;\"><span style=\"color: #003300;\">&#8211; wniosek o wskazanie p\u0142atnika (zmiana danych<\/span>) &#8211; <span style=\"color: #0000ff;\"><a href=\"https:\/\/zk-suchab.pl\/wp-content\/uploads\/2014\/03\/wniosek-o-wskazanie-platnika-2019r.-d49.pdf\" target=\"_blank\" rel=\"noopener\"><span style=\"color: #0000ff;\">pobierz<\/span><\/a><\/span><\/span><\/p>\n<p><span style=\"font-family: tahoma, arial, helvetica, sans-serif; font-size: 14pt;\"><span style=\"color: #003300;\">&#8211; deklaracja rycza\u0142tu &#8211; <a href=\"http:\/\/zk-suchab.pl\/wp-content\/uploads\/2025\/10\/deklaracja-ryczaltowa-2025.pdf\" target=\"_blank\" rel=\"noopener\">pobierz<\/a><\/span><\/span><\/p>\n<p>&nbsp;<\/p>\n<ul>\n<li><span style=\"font-family: tahoma, arial, helvetica, sans-serif; font-size: 14pt;\"><strong><span style=\"color: black;\">Spisanie umowy zlecenia z Zak\u0142adem Komunalnym na wykonanie przy\u0142\u0105cza wod- kan przez Zak\u0142ad Komunalny<\/span><\/strong><\/span><\/li>\n<\/ul>\n<p><span style=\"font-family: tahoma, arial, helvetica, sans-serif; font-size: 14pt;\"><span style=\"color: #083e15;\">Wydaje dzia\u0142 Wodoci\u0105g\u00f3w i Kanalizacji;\u00a0<\/span><span style=\"color: #083e15;\">ul. Za wod\u0105 37 tel. 33 874 58 10,<br \/>\n<\/span><span style=\"color: #083e15;\">Termin oczekiwania do 2 dni, wolne od op\u0142at.<\/span><\/span><\/p>\n<p><span style=\"color: #083e15; font-family: tahoma, arial, helvetica, sans-serif; font-size: 14pt;\">Potrzebne dokumenty: <\/span><\/p>\n<p><span style=\"font-family: tahoma, arial, helvetica, sans-serif; font-size: 14pt;\"><span style=\"color: #083e15;\">&#8211; umowa zlecenia z Zak\u0142adem Komunalnym na wykonanie przy\u0142\u0105cza wod-kan. przez Zak\u0142ad Komunalny\u00a0<\/span><span style=\"color: #083e15;\">&#8211; do pobrania na miejscu.<\/span><\/span><\/p>\n<p><span style=\"color: #083e15; font-family: tahoma, arial, helvetica, sans-serif; font-size: 14pt;\">&#8211; zlecenie wykonania monta\u017cu\/demonta\u017cu wodomierza &#8211; <span style=\"color: #0000ff;\"><a href=\"https:\/\/zk-suchab.pl\/wp-content\/uploads\/2014\/03\/zlecenie-wykonania-montazu-demontazu-wodowmierza-2019r.-613.pdf\" target=\"_blank\" rel=\"noopener\"><span style=\"color: #0000ff;\">pobierz<\/span><\/a><\/span><\/span><\/p>\n<p>&nbsp;<\/p>\n<ul>\n<li><span style=\"font-family: tahoma, arial, helvetica, sans-serif; font-size: 14pt;\"><strong><span style=\"color: black;\">Wydanie protoko\u0142u odbioru technicznego wykonanego przy\u0142\u0105cza<\/span><\/strong><\/span><\/li>\n<\/ul>\n<p><span style=\"font-family: tahoma, arial, helvetica, sans-serif; font-size: 14pt;\"><span style=\"color: #083e15;\">Wydaje dzia\u0142 Wodoci\u0105g\u00f3w i Kanalizacji; <\/span><span style=\"color: #083e15;\">ul. Za wod\u0105 37 tel. 33 874 58 10.<\/span><\/span><\/p>\n<p><span style=\"color: #083e15; font-family: tahoma, arial, helvetica, sans-serif; font-size: 14pt;\">Termin oczekiwania do 7 dni, wolne od op\u0142at.<\/span><\/p>\n<p>&nbsp;<\/p>\n<ul>\n<li><span style=\"font-family: tahoma, arial, helvetica, sans-serif; font-size: 14pt;\"><strong><span style=\"color: black;\">Wydanie o\u015bwiadczenia (zgody) na wykonanie przy\u0142\u0105cza wod-kan<\/span><span style=\"color: #000000;\"> przez inn\u0105 firm\u0119<\/span><\/strong><\/span><\/li>\n<\/ul>\n<p><span style=\"font-family: tahoma, arial, helvetica, sans-serif; font-size: 14pt;\"><span style=\"color: #083e15;\">Wydaje dzia\u0142 Wodoci\u0105g\u00f3w i Kanalizacji ; <\/span><span style=\"color: #083e15;\">ul. Za woda 37 tel. 33 874 58 10, <\/span><span style=\"color: #083e15;\">realizacja w tym samym dniu, wolne od op\u0142at.<\/span><\/span><\/p>\n<p><span style=\"color: #083e15; font-family: tahoma, arial, helvetica, sans-serif; font-size: 14pt;\">Potrzebne dokumenty: <\/span><\/p>\n<p><span style=\"font-family: tahoma, arial, helvetica, sans-serif; font-size: 14pt;\"><span style=\"color: #083e15;\">&#8211; o\u015bwiadczenie &#8211; <\/span><span style=\"color: #083e15;\">do pobrania na miejscu<\/span><\/span><\/p>\n<p>&nbsp;<\/p>\n<ul>\n<li><span style=\"font-family: tahoma, arial, helvetica, sans-serif; font-size: 14pt;\"><strong><span style=\"color: black;\">Wydawanie za\u015bwiadcze\u0144 o pod\u0142\u0105czeniu do sieci wod &#8211; kan<\/span><\/strong><\/span><\/li>\n<\/ul>\n<p><span style=\"font-family: tahoma, arial, helvetica, sans-serif; font-size: 14pt;\"><span style=\"color: #083e15;\">Wydaje dzia\u0142 Wodoci\u0105g\u00f3w i Kanalizacji <\/span><span style=\"color: #083e15;\">ul. Za wod\u0105 37 tel. 33 874 58 10,\u00a0 w terminie do 7 dni, wolne od op\u0142at.<\/span><\/span><\/p>\n<p>&nbsp;<\/p>\n<ul>\n<li><span style=\"font-family: tahoma, arial, helvetica, sans-serif; font-size: 14pt;\"><strong><span style=\"color: black;\">Informacji zwi\u0105zanych z wystawianiem rachunku pob\u00f3r wody i zrzut \u015bciek\u00f3w udziela:<\/span><\/strong><\/span><\/li>\n<\/ul>\n<p><span style=\"font-family: tahoma, arial, helvetica, sans-serif; font-size: 14pt;\"><span style=\"color: #083e15;\">Referent rozlicze\u0144 wod-kan ul. Wadowicka 4, parter pok\u00f3j nr 4 <\/span><span style=\"color: #083e15;\">tel. 33 874 20 79 w. 217, <\/span><span style=\"color: #083e15;\">realizacja w tym samym dniu,<br \/>\nwolne od op\u0142at.<\/span><\/span><\/p>\n<p>&nbsp;<\/p>\n<ul>\n<li><span style=\"font-family: tahoma, arial, helvetica, sans-serif; font-size: 14pt;\"><span style=\"color: #083e15;\"><strong><span style=\"color: #000000;\">Aby otrzymywa\u0107 faktury droga elektroniczn\u0105 nale\u017cy pobra\u0107, wype\u0142ni\u0107 i dostarczy\u0107 do nas o\u015bwiadczenie o wyra\u017ceniu zgody:<\/span><\/strong><\/span><\/span><span style=\"font-family: tahoma, arial, helvetica, sans-serif; font-size: 14pt;\"><span style=\"color: #083e15;\"><span style=\"color: #083e15;\"><br \/>\n<\/span><\/span><\/span><\/li>\n<\/ul>\n<p><span style=\"color: #083e15; font-family: tahoma, arial, helvetica, sans-serif; font-size: 14pt;\">\u00a0 \u00a0 \u00a0 \u00a0w formacie pdf &#8211; <a href=\"http:\/\/zk-suchab.pl\/wp-content\/uploads\/2025\/10\/OSWIADCZENIE-E-FAKTURA-2025.pdf\" target=\"_blank\" rel=\"noopener\">pobierz<\/a><\/span><\/p>\n<p><span style=\"color: #083e15; font-family: tahoma, arial, helvetica, sans-serif; font-size: 14pt;\">\u00a0 \u00a0 \u00a0 \u00a0w formacie doc (edytowalne) &#8211; <a href=\"http:\/\/zk-suchab.pl\/wp-content\/uploads\/2025\/10\/OSWIADCZENIE-E-FAKTURA-2025.doc\" target=\"_blank\" rel=\"noopener\">pobierz<\/a><\/span><\/p>\n","protected":false},"excerpt":{"rendered":"<p>Zam\u00f3wienie kontenera KP7\u00a0 &#8211; pobierz Wydawanie warunk\u00f3w technicznych wykonania przy\u0142\u0105cza wodno-kanalizacyjnego Wydaje dzia\u0142 Wodoci\u0105g\u00f3w i Kanalizacji; ul. Za wod\u0105 37 tel. 33 874 58 10. Termin oczekiwania do 14 dni. Potrzebne dokumenty: &#8211; wniosek o wydanie warunk\u00f3w &#8211; pobierz &#8211; mapa sytuacyjno &#8211; wysoko\u015bciowa (ewidencyjna) &#8211; dokument potwierdzaj\u0105cy tytu\u0142 prawny do korzystania z nieruchomo\u015bci &nbsp; [&hellip;]<\/p>\n","protected":false},"author":1,"featured_media":0,"parent":0,"menu_order":34,"comment_status":"closed","ping_status":"closed","template":"","meta":{"footnotes":""},"class_list":["post-171","page","type-page","status-publish","hentry","post"],"_links":{"self":[{"href":"https:\/\/zk-suchab.pl\/index.php\/wp-json\/wp\/v2\/pages\/171","targetHints":{"allow":["GET"]}}],"collection":[{"href":"https:\/\/zk-suchab.pl\/index.php\/wp-json\/wp\/v2\/pages"}],"about":[{"href":"https:\/\/zk-suchab.pl\/index.php\/wp-json\/wp\/v2\/types\/page"}],"author":[{"embeddable":true,"href":"https:\/\/zk-suchab.pl\/index.php\/wp-json\/wp\/v2\/users\/1"}],"replies":[{"embeddable":true,"href":"https:\/\/zk-suchab.pl\/index.php\/wp-json\/wp\/v2\/comments?post=171"}],"version-history":[{"count":36,"href":"https:\/\/zk-suchab.pl\/index.php\/wp-json\/wp\/v2\/pages\/171\/revisions"}],"predecessor-version":[{"id":2280,"href":"https:\/\/zk-suchab.pl\/index.php\/wp-json\/wp\/v2\/pages\/171\/revisions\/2280"}],"wp:attachment":[{"href":"https:\/\/zk-suchab.pl\/index.php\/wp-json\/wp\/v2\/media?parent=171"}],"curies":[{"name":"wp","href":"https:\/\/api.w.org\/{rel}","templated":true}]}}