{"id":173,"date":"2014-03-18T09:58:45","date_gmt":"2014-03-18T09:58:45","guid":{"rendered":"https:\/\/www.testowe.org.pl\/index.php\/uslugi-wod-kan\/"},"modified":"2014-03-18T09:58:45","modified_gmt":"2014-03-18T09:58:45","slug":"uslugi-wod-kan","status":"publish","type":"page","link":"https:\/\/zk-suchab.pl\/index.php\/uslugi-wod-kan\/","title":{"rendered":"Us\u0142ugi wod-kan"},"content":{"rendered":"<p><span style=\"font-family: 'arial', 'helvetica', sans-serif; font-size: 14pt; color: #000000;\">1. Wykonywanie przy\u0142\u0105czy wod &#8211; kan. &nbsp; &nbsp; &nbsp; &nbsp; &nbsp; &nbsp; &nbsp; &nbsp; &nbsp; &nbsp; &nbsp; &nbsp; &nbsp; &nbsp; &nbsp; &nbsp;<\/span><\/p>\n<p><span style=\"font-family: 'arial', 'helvetica', sans-serif; font-size: 14pt; color: #000000;\">2. Wymiana wodomierzy<\/span><\/p>\n<p><span style=\"font-family: 'arial', 'helvetica', sans-serif; font-size: 14pt; color: #000000;\">3. Wydawanie warunk\u00f3w technicznych wykonania przy\u0142\u0105cza wodno-kanalizacyjnego<\/span><\/p>\n<p><span style=\"font-family: 'arial', 'helvetica', sans-serif; font-size: 14pt; color: #000000;\">4. Wydawanie uzgodnie\u0144 bran\u017cowych wzgl. sieci wod &#8211; kan<\/span><\/p>\n<p><span style=\"font-family: 'arial', 'helvetica', sans-serif; font-size: 14pt; color: #000000;\">5. Udzielanie informacji dotycz\u0105cych przebiegu sieci wod &#8211; kan<\/span><\/p>\n<p><span style=\"font-family: 'arial', 'helvetica', sans-serif; font-size: 14pt; color: #000000;\">6. Spisanie umowy z Zak\u0142adem Komunalnym na zaopatrzenie w wod\u0119 i odprowadzenie \u015bciek\u00f3w<\/span><\/p>\n<p><span style=\"font-family: 'arial', 'helvetica', sans-serif; font-size: 14pt; color: #000000;\">7. Spisanie umowy zlecenia z Zak\u0142adem Komunalnym na wykonanie przy\u0142\u0105cza wod. &#8211; kan.<\/span><\/p>\n<p><span style=\"font-family: 'arial', 'helvetica', sans-serif; font-size: 14pt; color: #000000;\">8. Wydanie protoko\u0142u odbioru technicznego wykonanego przy\u0142\u0105cza<\/span><\/p>\n<p><span style=\"font-family: 'arial', 'helvetica', sans-serif; font-size: 14pt; color: #000000;\">9. Wydanie o\u015bwiadczenia (zgody) na wykonanie przy\u0142\u0105cza wod-kan przez inn\u0105 firm\u0119<\/span><\/p>\n<p><span style=\"font-family: 'arial', 'helvetica', sans-serif; font-size: 14pt; color: #000000;\">10. Udzielanie informacji zwi\u0105zanych z wystawianiem rachunku pob\u00f3r wody i zrzut \u015bciek\u00f3w<\/span><\/p>\n<p><span style=\"font-family: 'arial', 'helvetica', sans-serif; font-size: 14pt; color: #000000;\">11. Wydawanie za\u015bwiadcze\u0144 o pod\u0142\u0105czeniu do sieci wod &#8211; kan<\/span><\/p>\n<p><span style=\"font-family: 'arial', 'helvetica', sans-serif; font-size: 14pt; color: #000000;\">12. Kompleksowe wykonywanie us\u0142ug z zakresu sieci kanalizacyjnej, tj.:<\/span><\/p>\n<p><span style=\"font-family: 'arial', 'helvetica', sans-serif; font-size: 14pt; color: #000000;\">&#8211; czyszczenie kana\u0142\u00f3w \u015bciekowych<\/span><\/p>\n<p><span style=\"font-family: 'arial', 'helvetica', sans-serif; font-size: 14pt; color: #000000;\">&#8211; usuwanie zanieczyszcze\u0144 i osad\u00f3w ze spust\u00f3w ulicznych i studni<\/span><\/p>\n<p><span style=\"font-family: 'arial', 'helvetica', sans-serif; font-size: 14pt; color: #000000;\">kanalizacyjnych<\/span><\/p>\n<p><span style=\"font-family: 'arial', 'helvetica', sans-serif; font-size: 14pt; color: #000000;\">Wykonujemy prac\u0119 szybko i solidnie. Czekamy na zg\u0142oszenia!!!<\/span><\/p>\n<p><span style=\"font-family: 'arial', 'helvetica', sans-serif; font-size: 14pt; color: #000000;\">Zainteresowanych prosimy o kontakt tel. (33) 874 58 10&nbsp;<\/span><span style=\"font-family: 'arial', 'helvetica', sans-serif; font-size: 14pt; color: #000000;\"><a href=\"strefa-mieszkanca\/cenniki\"><span style=\"color: #000000;\"><\/span><\/a><\/span><\/p>\n<p>&nbsp;<\/p>\n","protected":false},"excerpt":{"rendered":"<p>1. Wykonywanie przy\u0142\u0105czy wod &#8211; kan. &nbsp; &nbsp; &nbsp; &nbsp; &nbsp; &nbsp; &nbsp; &nbsp; &nbsp; &nbsp; &nbsp; &nbsp; &nbsp; &nbsp; &nbsp; &nbsp; 2. Wymiana wodomierzy 3. Wydawanie warunk\u00f3w technicznych wykonania przy\u0142\u0105cza wodno-kanalizacyjnego 4. Wydawanie uzgodnie\u0144 bran\u017cowych wzgl. sieci wod &#8211; kan 5. Udzielanie informacji dotycz\u0105cych przebiegu sieci wod &#8211; kan 6. Spisanie umowy z Zak\u0142adem [&hellip;]<\/p>\n","protected":false},"author":1,"featured_media":0,"parent":0,"menu_order":33,"comment_status":"closed","ping_status":"closed","template":"","meta":{"footnotes":""},"class_list":["post-173","page","type-page","status-publish","hentry","post"],"_links":{"self":[{"href":"https:\/\/zk-suchab.pl\/index.php\/wp-json\/wp\/v2\/pages\/173","targetHints":{"allow":["GET"]}}],"collection":[{"href":"https:\/\/zk-suchab.pl\/index.php\/wp-json\/wp\/v2\/pages"}],"about":[{"href":"https:\/\/zk-suchab.pl\/index.php\/wp-json\/wp\/v2\/types\/page"}],"author":[{"embeddable":true,"href":"https:\/\/zk-suchab.pl\/index.php\/wp-json\/wp\/v2\/users\/1"}],"replies":[{"embeddable":true,"href":"https:\/\/zk-suchab.pl\/index.php\/wp-json\/wp\/v2\/comments?post=173"}],"version-history":[{"count":0,"href":"https:\/\/zk-suchab.pl\/index.php\/wp-json\/wp\/v2\/pages\/173\/revisions"}],"wp:attachment":[{"href":"https:\/\/zk-suchab.pl\/index.php\/wp-json\/wp\/v2\/media?parent=173"}],"curies":[{"name":"wp","href":"https:\/\/api.w.org\/{rel}","templated":true}]}}