{"id":175,"date":"2014-03-18T10:09:34","date_gmt":"2014-03-18T10:09:34","guid":{"rendered":"https:\/\/www.testowe.org.pl\/index.php\/wywoz-kontenerow-kp7\/"},"modified":"2014-03-18T10:09:34","modified_gmt":"2014-03-18T10:09:34","slug":"wywoz-kontenerow-kp7","status":"publish","type":"page","link":"https:\/\/zk-suchab.pl\/index.php\/wywoz-kontenerow-kp7\/","title":{"rendered":"Wyw\u00f3z kontener\u00f3w KP7"},"content":{"rendered":"<p><span style=\"font-family: 'arial', 'helvetica', sans-serif; font-size: 14pt; color: #000000;\">Wyw\u00f3z kontener\u00f3w KP 7 odbywa si\u0119 po zg\u0142oszeniu telefonicznym,<\/span><\/p>\n<p><span style=\"font-family: 'arial', 'helvetica', sans-serif; font-size: 14pt; color: #000000;\">33 874 25 60 lub 33 874 20 79 wew. 217<\/span><\/p>\n<p>&nbsp;<\/p>\n","protected":false},"excerpt":{"rendered":"<p>Wyw\u00f3z kontener\u00f3w KP 7 odbywa si\u0119 po zg\u0142oszeniu telefonicznym, 33 874 25 60 lub 33 874 20 79 wew. 217 &nbsp;<\/p>\n","protected":false},"author":1,"featured_media":0,"parent":0,"menu_order":32,"comment_status":"closed","ping_status":"closed","template":"","meta":{"footnotes":""},"class_list":["post-175","page","type-page","status-publish","hentry","post"],"_links":{"self":[{"href":"https:\/\/zk-suchab.pl\/index.php\/wp-json\/wp\/v2\/pages\/175","targetHints":{"allow":["GET"]}}],"collection":[{"href":"https:\/\/zk-suchab.pl\/index.php\/wp-json\/wp\/v2\/pages"}],"about":[{"href":"https:\/\/zk-suchab.pl\/index.php\/wp-json\/wp\/v2\/types\/page"}],"author":[{"embeddable":true,"href":"https:\/\/zk-suchab.pl\/index.php\/wp-json\/wp\/v2\/users\/1"}],"replies":[{"embeddable":true,"href":"https:\/\/zk-suchab.pl\/index.php\/wp-json\/wp\/v2\/comments?post=175"}],"version-history":[{"count":0,"href":"https:\/\/zk-suchab.pl\/index.php\/wp-json\/wp\/v2\/pages\/175\/revisions"}],"wp:attachment":[{"href":"https:\/\/zk-suchab.pl\/index.php\/wp-json\/wp\/v2\/media?parent=175"}],"curies":[{"name":"wp","href":"https:\/\/api.w.org\/{rel}","templated":true}]}}