{"id":195,"date":"2014-03-18T12:42:50","date_gmt":"2014-03-18T12:42:50","guid":{"rendered":"https:\/\/www.testowe.org.pl\/index.php\/laboratorium\/"},"modified":"2024-05-23T10:42:37","modified_gmt":"2024-05-23T10:42:37","slug":"laboratorium","status":"publish","type":"page","link":"https:\/\/zk-suchab.pl\/index.php\/uslugi-komunalne\/laboratorium\/","title":{"rendered":"Laboratorium"},"content":{"rendered":"<p style=\"text-align: justify;\"><span style=\"font-size: 14pt; font-family: 'Tahoma'; color: #333300;\">Do roku 2005 znajdowa\u0142o si\u0119 w budynku Stacji Uzdatniania Wody, nast\u0119pnie zosta\u0142o przeniesione do g\u0142\u00f3wnej siedziby przy<br \/>\nul. Wadowickiej. W roku 2007 wyremontowano nowe pomieszczenia i oddano je do u\u017cytku na cele laboratoryjne.<\/span><\/p>\n<p style=\"text-align: justify;\"><img loading=\"lazy\" decoding=\"async\" class=\"alignnone wp-image-1434\" src=\"http:\/\/zk-suchab.pl\/wp-content\/uploads\/2024\/05\/IMG_7611-scaled-e1716459915698-300x174.jpg\" alt=\"\" width=\"848\" height=\"492\" srcset=\"https:\/\/zk-suchab.pl\/wp-content\/uploads\/2024\/05\/IMG_7611-scaled-e1716459915698-300x174.jpg 300w, https:\/\/zk-suchab.pl\/wp-content\/uploads\/2024\/05\/IMG_7611-scaled-e1716459915698-768x447.jpg 768w, https:\/\/zk-suchab.pl\/wp-content\/uploads\/2024\/05\/IMG_7611-scaled-e1716459915698-1536x893.jpg 1536w, https:\/\/zk-suchab.pl\/wp-content\/uploads\/2024\/05\/IMG_7611-scaled-e1716459915698-2048x1191.jpg 2048w\" sizes=\"auto, (max-width: 848px) 100vw, 848px\" \/><br \/>\nPomieszczenie fizyko-chemiczne<\/p>\n<p style=\"text-align: justify;\"><img loading=\"lazy\" decoding=\"async\" class=\" size-full wp-image-194\" src=\"https:\/\/zk-suchab.pl\/wp-content\/uploads\/2014\/03\/image003-fe0.png\" alt=\"image003\" width=\"849\" height=\"637\" srcset=\"https:\/\/zk-suchab.pl\/wp-content\/uploads\/2014\/03\/image003-fe0.png 541w, https:\/\/zk-suchab.pl\/wp-content\/uploads\/2014\/03\/image003-fe0-300x225.png 300w\" sizes=\"auto, (max-width: 849px) 100vw, 849px\" \/><\/p>\n<p style=\"text-align: justify;\">Pok\u00f3j wagowy<\/p>\n","protected":false},"excerpt":{"rendered":"<p>Do roku 2005 znajdowa\u0142o si\u0119 w budynku Stacji Uzdatniania Wody, nast\u0119pnie zosta\u0142o przeniesione do g\u0142\u00f3wnej siedziby przy ul. Wadowickiej. W roku 2007 wyremontowano nowe pomieszczenia i oddano je do u\u017cytku na cele laboratoryjne. Pomieszczenie fizyko-chemiczne Pok\u00f3j wagowy<\/p>\n","protected":false},"author":1,"featured_media":193,"parent":155,"menu_order":29,"comment_status":"closed","ping_status":"closed","template":"","meta":{"footnotes":""},"class_list":["post-195","page","type-page","status-publish","has-post-thumbnail","hentry","post","post-with-thumbnail","post-with-thumbnail-large"],"_links":{"self":[{"href":"https:\/\/zk-suchab.pl\/index.php\/wp-json\/wp\/v2\/pages\/195","targetHints":{"allow":["GET"]}}],"collection":[{"href":"https:\/\/zk-suchab.pl\/index.php\/wp-json\/wp\/v2\/pages"}],"about":[{"href":"https:\/\/zk-suchab.pl\/index.php\/wp-json\/wp\/v2\/types\/page"}],"author":[{"embeddable":true,"href":"https:\/\/zk-suchab.pl\/index.php\/wp-json\/wp\/v2\/users\/1"}],"replies":[{"embeddable":true,"href":"https:\/\/zk-suchab.pl\/index.php\/wp-json\/wp\/v2\/comments?post=195"}],"version-history":[{"count":3,"href":"https:\/\/zk-suchab.pl\/index.php\/wp-json\/wp\/v2\/pages\/195\/revisions"}],"predecessor-version":[{"id":1449,"href":"https:\/\/zk-suchab.pl\/index.php\/wp-json\/wp\/v2\/pages\/195\/revisions\/1449"}],"up":[{"embeddable":true,"href":"https:\/\/zk-suchab.pl\/index.php\/wp-json\/wp\/v2\/pages\/155"}],"wp:featuredmedia":[{"embeddable":true,"href":"https:\/\/zk-suchab.pl\/index.php\/wp-json\/wp\/v2\/media\/193"}],"wp:attachment":[{"href":"https:\/\/zk-suchab.pl\/index.php\/wp-json\/wp\/v2\/media?parent=195"}],"curies":[{"name":"wp","href":"https:\/\/api.w.org\/{rel}","templated":true}]}}