{"id":216,"date":"2014-03-28T13:17:16","date_gmt":"2014-03-28T13:17:16","guid":{"rendered":"https:\/\/www.testowe.org.pl\/index.php\/minikoparka\/"},"modified":"2014-03-28T13:17:16","modified_gmt":"2014-03-28T13:17:16","slug":"minikoparka","status":"publish","type":"page","link":"https:\/\/zk-suchab.pl\/index.php\/minikoparka\/","title":{"rendered":"Minikoparka"},"content":{"rendered":"<p>&nbsp;<span style=\"font-family: 'arial black', 'avant garde'; font-size: 14pt; color: #008000;\">Zapraszamy do korzystania z us\u0142ug minikopark\u0105 &#8211;<span style=\"background-color: #ffffff;\">&nbsp;<span style=\"color: #e1be4c;\"><a href=\"strefa-mieszkanca\/cenniki\"><span style=\"background-color: #ffffff; color: #e1be4c;\">przejd\u017a do cennika<\/span><\/a><\/span><\/span><\/span><\/p>\n<p><img loading=\"lazy\" decoding=\"async\" class=\" size-full wp-image-215\" src=\"https:\/\/zk-suchab.pl\/wp-content\/uploads\/2014\/03\/3-5d9.jpg\" alt=\"3\" width=\"862\" height=\"465\" \/><\/p>\n<p>&nbsp;&nbsp;<\/p>\n","protected":false},"excerpt":{"rendered":"<p>&nbsp;Zapraszamy do korzystania z us\u0142ug minikopark\u0105 &#8211;&nbsp;przejd\u017a do cennika &nbsp;&nbsp;<\/p>\n","protected":false},"author":1,"featured_media":215,"parent":0,"menu_order":25,"comment_status":"closed","ping_status":"closed","template":"","meta":{"footnotes":""},"class_list":["post-216","page","type-page","status-publish","has-post-thumbnail","hentry","post","post-with-thumbnail","post-with-thumbnail-large"],"_links":{"self":[{"href":"https:\/\/zk-suchab.pl\/index.php\/wp-json\/wp\/v2\/pages\/216","targetHints":{"allow":["GET"]}}],"collection":[{"href":"https:\/\/zk-suchab.pl\/index.php\/wp-json\/wp\/v2\/pages"}],"about":[{"href":"https:\/\/zk-suchab.pl\/index.php\/wp-json\/wp\/v2\/types\/page"}],"author":[{"embeddable":true,"href":"https:\/\/zk-suchab.pl\/index.php\/wp-json\/wp\/v2\/users\/1"}],"replies":[{"embeddable":true,"href":"https:\/\/zk-suchab.pl\/index.php\/wp-json\/wp\/v2\/comments?post=216"}],"version-history":[{"count":0,"href":"https:\/\/zk-suchab.pl\/index.php\/wp-json\/wp\/v2\/pages\/216\/revisions"}],"wp:featuredmedia":[{"embeddable":true,"href":"https:\/\/zk-suchab.pl\/index.php\/wp-json\/wp\/v2\/media\/215"}],"wp:attachment":[{"href":"https:\/\/zk-suchab.pl\/index.php\/wp-json\/wp\/v2\/media?parent=216"}],"curies":[{"name":"wp","href":"https:\/\/api.w.org\/{rel}","templated":true}]}}