{"id":2214,"date":"2026-01-02T09:55:52","date_gmt":"2026-01-02T09:55:52","guid":{"rendered":"https:\/\/zk-suchab.pl\/?page_id=2214"},"modified":"2026-01-02T10:06:06","modified_gmt":"2026-01-02T10:06:06","slug":"harmonogram","status":"publish","type":"page","link":"https:\/\/zk-suchab.pl\/index.php\/harmonogram\/","title":{"rendered":"Harmonogram na 2026 rok"},"content":{"rendered":"<p><span style=\"color: #000000; font-family: tahoma, arial, helvetica, sans-serif; font-size: 14pt;\">Harmonogram odbioru odpad\u00f3w komunalnych w Suchej Beskidzkiej <\/span><\/p>\n<p><span style=\"color: #000000; font-family: tahoma, arial, helvetica, sans-serif; font-size: 14pt;\">Obowi\u0105zuj\u0105cy od 1 stycznia 2026 r. do 31 grudnia 2026 r. &#8211; <a href=\"http:\/\/zk-suchab.pl\/wp-content\/uploads\/2026\/01\/2026-HARMONOGRAM.pdf\" target=\"_blank\" rel=\"noopener\">pobierz<\/a><\/span><\/p>\n","protected":false},"excerpt":{"rendered":"<p>Harmonogram odbioru odpad\u00f3w komunalnych w Suchej Beskidzkiej Obowi\u0105zuj\u0105cy od 1 stycznia 2026 r. do 31 grudnia 2026 r. &#8211; pobierz<\/p>\n","protected":false},"author":1,"featured_media":0,"parent":0,"menu_order":0,"comment_status":"closed","ping_status":"closed","template":"","meta":{"footnotes":""},"class_list":["post-2214","page","type-page","status-publish","hentry","post"],"_links":{"self":[{"href":"https:\/\/zk-suchab.pl\/index.php\/wp-json\/wp\/v2\/pages\/2214","targetHints":{"allow":["GET"]}}],"collection":[{"href":"https:\/\/zk-suchab.pl\/index.php\/wp-json\/wp\/v2\/pages"}],"about":[{"href":"https:\/\/zk-suchab.pl\/index.php\/wp-json\/wp\/v2\/types\/page"}],"author":[{"embeddable":true,"href":"https:\/\/zk-suchab.pl\/index.php\/wp-json\/wp\/v2\/users\/1"}],"replies":[{"embeddable":true,"href":"https:\/\/zk-suchab.pl\/index.php\/wp-json\/wp\/v2\/comments?post=2214"}],"version-history":[{"count":5,"href":"https:\/\/zk-suchab.pl\/index.php\/wp-json\/wp\/v2\/pages\/2214\/revisions"}],"predecessor-version":[{"id":2224,"href":"https:\/\/zk-suchab.pl\/index.php\/wp-json\/wp\/v2\/pages\/2214\/revisions\/2224"}],"wp:attachment":[{"href":"https:\/\/zk-suchab.pl\/index.php\/wp-json\/wp\/v2\/media?parent=2214"}],"curies":[{"name":"wp","href":"https:\/\/api.w.org\/{rel}","templated":true}]}}