{"id":226,"date":"2014-03-28T13:18:11","date_gmt":"2014-03-28T13:18:11","guid":{"rendered":"https:\/\/www.testowe.org.pl\/index.php\/kosiarka-bijakowa\/"},"modified":"2014-03-28T13:18:11","modified_gmt":"2014-03-28T13:18:11","slug":"kosiarka-bijakowa","status":"publish","type":"page","link":"https:\/\/zk-suchab.pl\/index.php\/kosiarka-bijakowa\/","title":{"rendered":"Kosiarka bijakowa"},"content":{"rendered":"<p><span style=\"font-family: 'arial', 'helvetica', sans-serif; font-size: 14pt; color: #003300;\">\u015awiadczymy us\u0142ugi koszenia nieu\u017cytk\u00f3w, poboczy, row\u00f3w przydro\u017cnych, teren\u00f3w rzadko koszonych.&nbsp;<\/span><\/p>\n<p><span style=\"font-family: 'arial', 'helvetica', sans-serif; font-size: 14pt; color: #003300;\">(oferujemy r\u00f3wnie\u017c us\u0142ugi koszenia kosiark\u0105 rotacyjn\u0105) &nbsp;<\/span><\/p>\n<p><span style=\"font-family: 'arial', 'helvetica', sans-serif; font-size: 14pt; color: #003300;\">&nbsp;<img loading=\"lazy\" decoding=\"async\" src=\"images\/Kosiarka-bujakowa\/Bijakowanawysypisku.jpg\" alt=\"Bijakowanawysypisku\" width=\"832\" height=\"215\" \/><\/span><\/p>\n<p><span style=\"font-family: 'arial', 'helvetica', sans-serif; font-size: 14pt; color: #0000ff;\"><span style=\"text-decoration: underline;\"><span style=\"color: #0000ff; text-decoration: underline;\"><img loading=\"lazy\" decoding=\"async\" class=\" size-full wp-image-221\" src=\"https:\/\/zk-suchab.pl\/wp-content\/uploads\/2014\/03\/1szer-0e4.jpg\" alt=\"1szer\" width=\"837\" height=\"312\" \/><\/span><\/span><\/span><\/p>\n<p>&nbsp;<img loading=\"lazy\" decoding=\"async\" class=\" size-full wp-image-222\" src=\"https:\/\/zk-suchab.pl\/wp-content\/uploads\/2014\/03\/2-fcd.jpg\" alt=\"2\" width=\"414\" height=\"296\" \/>&nbsp;&nbsp;<img loading=\"lazy\" decoding=\"async\" class=\" size-full wp-image-223\" src=\"https:\/\/zk-suchab.pl\/wp-content\/uploads\/2014\/03\/3-c1b.jpg\" alt=\"3\" width=\"410\" height=\"296\" \/><\/p>\n<p><img loading=\"lazy\" decoding=\"async\" class=\" size-full wp-image-224\" src=\"https:\/\/zk-suchab.pl\/wp-content\/uploads\/2014\/03\/10-ce2.jpg\" alt=\"10\" width=\"834\" height=\"625\" srcset=\"https:\/\/zk-suchab.pl\/wp-content\/uploads\/2014\/03\/10-ce2.jpg 800w, https:\/\/zk-suchab.pl\/wp-content\/uploads\/2014\/03\/10-ce2-300x225.jpg 300w, https:\/\/zk-suchab.pl\/wp-content\/uploads\/2014\/03\/10-ce2-768x576.jpg 768w\" sizes=\"auto, (max-width: 834px) 100vw, 834px\" \/><\/p>\n<p style=\"text-align: justify;\">&nbsp; &nbsp; &nbsp; &nbsp; &nbsp; &nbsp; &nbsp; &nbsp; &nbsp; &nbsp; &nbsp; &nbsp; &nbsp; &nbsp; &nbsp; &nbsp; &nbsp; &nbsp; &nbsp; &nbsp; &nbsp; &nbsp; &nbsp; &nbsp; &nbsp; &nbsp; &nbsp; &nbsp; &nbsp; &nbsp; &nbsp; &nbsp; &nbsp; &nbsp; &nbsp; &nbsp; &nbsp; &nbsp; &nbsp; &nbsp; &nbsp; &nbsp; &nbsp;<a href=\"strefa-mieszkanca\/cenniki\"><img loading=\"lazy\" decoding=\"async\" class=\" size-full wp-image-225\" src=\"https:\/\/zk-suchab.pl\/wp-content\/uploads\/2014\/03\/Skrotcennik-ec8.jpg\" alt=\"Skrotcennik\" width=\"156\" height=\"106\" \/><\/a><\/p>\n","protected":false},"excerpt":{"rendered":"<p>\u015awiadczymy us\u0142ugi koszenia nieu\u017cytk\u00f3w, poboczy, row\u00f3w przydro\u017cnych, teren\u00f3w rzadko koszonych.&nbsp; (oferujemy r\u00f3wnie\u017c us\u0142ugi koszenia kosiark\u0105 rotacyjn\u0105) &nbsp; &nbsp; &nbsp;&nbsp;&nbsp; &nbsp; &nbsp; &nbsp; &nbsp; &nbsp; &nbsp; &nbsp; &nbsp; &nbsp; &nbsp; &nbsp; &nbsp; &nbsp; &nbsp; &nbsp; &nbsp; &nbsp; &nbsp; &nbsp; &nbsp; &nbsp; &nbsp; &nbsp; &nbsp; &nbsp; &nbsp; &nbsp; &nbsp; &nbsp; &nbsp; &nbsp; &nbsp; &nbsp; &nbsp; &nbsp; &nbsp; [&hellip;]<\/p>\n","protected":false},"author":1,"featured_media":0,"parent":0,"menu_order":23,"comment_status":"closed","ping_status":"closed","template":"","meta":{"footnotes":""},"class_list":["post-226","page","type-page","status-publish","hentry","post"],"_links":{"self":[{"href":"https:\/\/zk-suchab.pl\/index.php\/wp-json\/wp\/v2\/pages\/226","targetHints":{"allow":["GET"]}}],"collection":[{"href":"https:\/\/zk-suchab.pl\/index.php\/wp-json\/wp\/v2\/pages"}],"about":[{"href":"https:\/\/zk-suchab.pl\/index.php\/wp-json\/wp\/v2\/types\/page"}],"author":[{"embeddable":true,"href":"https:\/\/zk-suchab.pl\/index.php\/wp-json\/wp\/v2\/users\/1"}],"replies":[{"embeddable":true,"href":"https:\/\/zk-suchab.pl\/index.php\/wp-json\/wp\/v2\/comments?post=226"}],"version-history":[{"count":0,"href":"https:\/\/zk-suchab.pl\/index.php\/wp-json\/wp\/v2\/pages\/226\/revisions"}],"wp:attachment":[{"href":"https:\/\/zk-suchab.pl\/index.php\/wp-json\/wp\/v2\/media?parent=226"}],"curies":[{"name":"wp","href":"https:\/\/api.w.org\/{rel}","templated":true}]}}