{"id":231,"date":"2014-03-28T13:18:20","date_gmt":"2014-03-28T13:18:20","guid":{"rendered":"https:\/\/www.testowe.org.pl\/index.php\/rebak\/"},"modified":"2014-03-28T13:18:20","modified_gmt":"2014-03-28T13:18:20","slug":"rebak","status":"publish","type":"page","link":"https:\/\/zk-suchab.pl\/index.php\/rebak\/","title":{"rendered":"R\u0119bak do ga\u0142\u0119zi"},"content":{"rendered":"<p><span style=\"font-size: 14pt; font-family: 'arial', 'helvetica', sans-serif;\">&nbsp;&nbsp;<img loading=\"lazy\" decoding=\"async\" class=\" size-full wp-image-228\" src=\"https:\/\/zk-suchab.pl\/wp-content\/uploads\/2014\/03\/rebak1-b2a.jpg\" alt=\"rebak1\" width=\"883\" height=\"279\" \/><\/span><\/p>\n<p><span style=\"color: #333300;\"><span style=\"font-size: 14pt; font-family: 'arial', 'helvetica', sans-serif;\">Oferujemy us\u0142ugi profesjonalnym r\u0119bakiem do ga\u0142\u0119zi o \u015brednicy do 8 cm. Us\u0142ug\u0119 \u015bwiadczymy u klienta, ale istnieje r\u00f3wnie\u017c mo\u017cliwo\u015b\u0107 odebrania samych ga\u0142\u0119zi do por\u0105bania. Mamy mo\u017cliwo\u015bc zagospodarowania zr\u0119bk\u00f3w je\u015bli klient ich nie potrzebuje.<\/span><span style=\"font-size: 14pt; font-family: 'arial', 'helvetica', sans-serif;\"> <\/span><\/span><\/p>\n<p><span style=\"color: #333300;\"><span style=\"font-size: 14pt; font-family: 'arial', 'helvetica', sans-serif;\"><a href=\"http:\/\/pl.wikipedia.org\/wiki\/Zr\u0119bki\"><img loading=\"lazy\" decoding=\"async\" class=\" size-full wp-image-229\" src=\"https:\/\/zk-suchab.pl\/wp-content\/uploads\/2014\/03\/rebak3-c86.jpg\" alt=\"rebak3\" width=\"468\" height=\"488\" \/><\/a>&nbsp; &nbsp;&nbsp;<img loading=\"lazy\" decoding=\"async\" class=\" size-full wp-image-230\" src=\"https:\/\/zk-suchab.pl\/wp-content\/uploads\/2014\/03\/rebak2-f50.jpg\" alt=\"rebak2\" width=\"403\" height=\"488\" \/><\/span><\/span><\/p>\n<p>&nbsp; &nbsp; &nbsp; &nbsp; &nbsp; &nbsp; &nbsp; &nbsp; &nbsp; &nbsp; &nbsp; &nbsp; &nbsp; &nbsp; &nbsp; &nbsp; &nbsp; &nbsp; &nbsp; &nbsp; &nbsp; &nbsp; &nbsp;Zr\u0119bki z r\u0119baka &nbsp; &nbsp; &nbsp; &nbsp; &nbsp; &nbsp; &nbsp; &nbsp; &nbsp; &nbsp; &nbsp; &nbsp; &nbsp; &nbsp; &nbsp; &nbsp; &nbsp; &nbsp; &nbsp; &nbsp; &nbsp; &nbsp; &nbsp; &nbsp; &nbsp; &nbsp; &nbsp; &nbsp; &nbsp; &nbsp; &nbsp; &nbsp; &nbsp; &nbsp; &nbsp; &nbsp; &nbsp; &nbsp; &nbsp; &nbsp; &nbsp; &nbsp; &nbsp; &nbsp;R\u0119bak podczas pracy<\/p>\n<p style=\"text-align: justify;\"><span style=\"color: #333300;\"><span style=\"font-size: 14pt; font-family: 'arial', 'helvetica', sans-serif;\">Warto wiedzie\u0107, \u017ce zr\u0119bki drzewne powsta\u0142e w wyniku ci\u0119cia r\u0119bakiem, to ekologiczny, atrakcyjny ekonomicznie, opa\u0142 biomasowy wytwarzany z odpad\u00f3w drzewnych i upraw energetycznych. Surowcami do produkcji zr\u0119bk\u00f3w s\u0105 przede wszystkim odpady z przemys\u0142u tartacznego i le\u015bnego. Ich jako\u015b\u0107 i warto\u015b\u0107 opa\u0142owa zale\u017cna jest od pochodzenia i sposobu sk\u0142adowania surowca. &nbsp; &nbsp; &nbsp; &nbsp;<\/span><\/span><span style=\"color: #333300;\"><span style=\"font-size: 14pt; font-family: 'arial', 'helvetica', sans-serif;\"><a href=\"http:\/\/www.zk-suchab.pl\/strefa-mieszkanca\/cenniki\"><\/a><\/span><\/span><\/p>\n<p><a href=\"strefa-mieszkanca\/cenniki\"><span style=\"color: #333300;\"><span style=\"font-size: 14pt; font-family: 'arial', 'helvetica', sans-serif;\"><img decoding=\"async\" style=\"display: block; margin-left: auto; margin-right: auto;\" src=\"https:\/\/zk-suchab.pl\/wp-content\/uploads\/2014\/03\/Skrotcennik-ec8.jpg\" alt=\"Skrotcennik\" \/><\/span><\/span><\/a><\/p>\n<p>&nbsp; &nbsp; &nbsp; &nbsp; &nbsp; &nbsp; &nbsp;<\/p>\n<p>&nbsp; &nbsp; &nbsp; &nbsp; &nbsp; &nbsp; &nbsp; &nbsp; &nbsp; &nbsp; &nbsp; &nbsp; &nbsp; &nbsp; &nbsp;&nbsp; &nbsp; &nbsp; &nbsp; &nbsp; &nbsp; &nbsp; &nbsp; &nbsp;<\/p>\n","protected":false},"excerpt":{"rendered":"<p>&nbsp;&nbsp; Oferujemy us\u0142ugi profesjonalnym r\u0119bakiem do ga\u0142\u0119zi o \u015brednicy do 8 cm. Us\u0142ug\u0119 \u015bwiadczymy u klienta, ale istnieje r\u00f3wnie\u017c mo\u017cliwo\u015b\u0107 odebrania samych ga\u0142\u0119zi do por\u0105bania. Mamy mo\u017cliwo\u015bc zagospodarowania zr\u0119bk\u00f3w je\u015bli klient ich nie potrzebuje. &nbsp; &nbsp;&nbsp; &nbsp; &nbsp; &nbsp; &nbsp; &nbsp; &nbsp; &nbsp; &nbsp; &nbsp; &nbsp; &nbsp; &nbsp; &nbsp; &nbsp; &nbsp; &nbsp; &nbsp; &nbsp; &nbsp; [&hellip;]<\/p>\n","protected":false},"author":1,"featured_media":228,"parent":0,"menu_order":22,"comment_status":"closed","ping_status":"closed","template":"","meta":{"footnotes":""},"class_list":["post-231","page","type-page","status-publish","has-post-thumbnail","hentry","post","post-with-thumbnail","post-with-thumbnail-large"],"_links":{"self":[{"href":"https:\/\/zk-suchab.pl\/index.php\/wp-json\/wp\/v2\/pages\/231","targetHints":{"allow":["GET"]}}],"collection":[{"href":"https:\/\/zk-suchab.pl\/index.php\/wp-json\/wp\/v2\/pages"}],"about":[{"href":"https:\/\/zk-suchab.pl\/index.php\/wp-json\/wp\/v2\/types\/page"}],"author":[{"embeddable":true,"href":"https:\/\/zk-suchab.pl\/index.php\/wp-json\/wp\/v2\/users\/1"}],"replies":[{"embeddable":true,"href":"https:\/\/zk-suchab.pl\/index.php\/wp-json\/wp\/v2\/comments?post=231"}],"version-history":[{"count":0,"href":"https:\/\/zk-suchab.pl\/index.php\/wp-json\/wp\/v2\/pages\/231\/revisions"}],"wp:featuredmedia":[{"embeddable":true,"href":"https:\/\/zk-suchab.pl\/index.php\/wp-json\/wp\/v2\/media\/228"}],"wp:attachment":[{"href":"https:\/\/zk-suchab.pl\/index.php\/wp-json\/wp\/v2\/media?parent=231"}],"curies":[{"name":"wp","href":"https:\/\/api.w.org\/{rel}","templated":true}]}}