{"id":326,"date":"2014-05-20T18:57:15","date_gmt":"2014-05-20T18:57:15","guid":{"rendered":"https:\/\/www.testowe.org.pl\/index.php\/kosiarka-rotacyjna\/"},"modified":"2014-05-20T18:57:15","modified_gmt":"2014-05-20T18:57:15","slug":"kosiarka-rotacyjna","status":"publish","type":"page","link":"https:\/\/zk-suchab.pl\/index.php\/kosiarka-rotacyjna\/","title":{"rendered":"Kosiarka rotacyjna"},"content":{"rendered":"<p><span style=\"color: #003300; font-family: 'arial', 'helvetica', sans-serif;\"><span style=\"font-size: 18pt;\"><strong>Us\u0142ugi wykaszania kosiark\u0105 rotacyjn\u0105<\/strong> &nbsp; &#8211; &nbsp;<span style=\"font-family: 'arial', 'helvetica', sans-serif;\">&nbsp;<\/span><\/span><span style=\"color: #0000ff; font-size: 18pt;\"><span style=\"text-decoration: underline;\"><a href=\"strefa-mieszkanca\/cenniki\"><span style=\"text-decoration: underline; color: #0000ff;\">cennik us\u0142ug<\/span><\/a> <\/span><\/span><\/span><\/p>\n<p><span style=\"font-size: 14pt; font-family: 'arial', 'helvetica', sans-serif; color: #003300;\"><span style=\"color: #0000ff;\"><img loading=\"lazy\" decoding=\"async\" class=\" size-full wp-image-73\" src=\"https:\/\/zk-suchab.pl\/wp-content\/uploads\/2014\/03\/1szer-abf.jpg\" alt=\"1szer\" width=\"865\" height=\"273\" \/>&nbsp;<\/span>&nbsp;<\/span><\/p>\n<p><span style=\"font-size: 14pt; font-family: 'arial', 'helvetica', sans-serif; color: #003300;\"> <img loading=\"lazy\" decoding=\"async\" class=\" size-full wp-image-319\" src=\"https:\/\/zk-suchab.pl\/wp-content\/uploads\/2014\/05\/3-07f.jpg\" alt=\"3\" width=\"434\" height=\"569\" \/><\/span>&nbsp;<img loading=\"lazy\" decoding=\"async\" class=\" size-full wp-image-320\" src=\"https:\/\/zk-suchab.pl\/wp-content\/uploads\/2014\/05\/4-b5d.jpg\" alt=\"4\" width=\"427\" height=\"569\" srcset=\"https:\/\/zk-suchab.pl\/wp-content\/uploads\/2014\/05\/4-b5d.jpg 450w, https:\/\/zk-suchab.pl\/wp-content\/uploads\/2014\/05\/4-b5d-225x300.jpg 225w\" sizes=\"auto, (max-width: 427px) 100vw, 427px\" \/><\/p>\n<p><img loading=\"lazy\" decoding=\"async\" class=\" size-full wp-image-321\" src=\"https:\/\/zk-suchab.pl\/wp-content\/uploads\/2014\/05\/2szer-927.jpg\" alt=\"2szer\" width=\"864\" height=\"230\" srcset=\"https:\/\/zk-suchab.pl\/wp-content\/uploads\/2014\/05\/2szer-927.jpg 800w, https:\/\/zk-suchab.pl\/wp-content\/uploads\/2014\/05\/2szer-927-300x80.jpg 300w, https:\/\/zk-suchab.pl\/wp-content\/uploads\/2014\/05\/2szer-927-768x204.jpg 768w\" sizes=\"auto, (max-width: 864px) 100vw, 864px\" \/><\/p>\n<p><img loading=\"lazy\" decoding=\"async\" class=\" size-full wp-image-322\" src=\"https:\/\/zk-suchab.pl\/wp-content\/uploads\/2014\/05\/6-cf1.jpg\" alt=\"6\" width=\"441\" height=\"311\" \/>&nbsp;<img loading=\"lazy\" decoding=\"async\" class=\" size-full wp-image-323\" src=\"https:\/\/zk-suchab.pl\/wp-content\/uploads\/2014\/05\/7-f27.jpg\" alt=\"7\" width=\"419\" height=\"311\" \/><\/p>\n<p><img loading=\"lazy\" decoding=\"async\" class=\" size-full wp-image-324\" src=\"https:\/\/zk-suchab.pl\/wp-content\/uploads\/2014\/05\/5szer-f61.jpg\" alt=\"5szer\" width=\"864\" height=\"279\" \/><\/p>\n<p><img loading=\"lazy\" decoding=\"async\" class=\" size-full wp-image-325\" src=\"https:\/\/zk-suchab.pl\/wp-content\/uploads\/2014\/05\/Dabie-de6.jpg\" alt=\"Dabie\" width=\"864\" height=\"648\" srcset=\"https:\/\/zk-suchab.pl\/wp-content\/uploads\/2014\/05\/Dabie-de6.jpg 1024w, https:\/\/zk-suchab.pl\/wp-content\/uploads\/2014\/05\/Dabie-de6-300x225.jpg 300w, https:\/\/zk-suchab.pl\/wp-content\/uploads\/2014\/05\/Dabie-de6-768x576.jpg 768w\" sizes=\"auto, (max-width: 864px) 100vw, 864px\" \/><\/p>\n","protected":false},"excerpt":{"rendered":"<p>Us\u0142ugi wykaszania kosiark\u0105 rotacyjn\u0105 &nbsp; &#8211; &nbsp;&nbsp;cennik us\u0142ug &nbsp;&nbsp; &nbsp; &nbsp;<\/p>\n","protected":false},"author":1,"featured_media":73,"parent":0,"menu_order":9,"comment_status":"closed","ping_status":"closed","template":"","meta":{"footnotes":""},"class_list":["post-326","page","type-page","status-publish","has-post-thumbnail","hentry","post","post-with-thumbnail","post-with-thumbnail-large"],"_links":{"self":[{"href":"https:\/\/zk-suchab.pl\/index.php\/wp-json\/wp\/v2\/pages\/326","targetHints":{"allow":["GET"]}}],"collection":[{"href":"https:\/\/zk-suchab.pl\/index.php\/wp-json\/wp\/v2\/pages"}],"about":[{"href":"https:\/\/zk-suchab.pl\/index.php\/wp-json\/wp\/v2\/types\/page"}],"author":[{"embeddable":true,"href":"https:\/\/zk-suchab.pl\/index.php\/wp-json\/wp\/v2\/users\/1"}],"replies":[{"embeddable":true,"href":"https:\/\/zk-suchab.pl\/index.php\/wp-json\/wp\/v2\/comments?post=326"}],"version-history":[{"count":0,"href":"https:\/\/zk-suchab.pl\/index.php\/wp-json\/wp\/v2\/pages\/326\/revisions"}],"wp:featuredmedia":[{"embeddable":true,"href":"https:\/\/zk-suchab.pl\/index.php\/wp-json\/wp\/v2\/media\/73"}],"wp:attachment":[{"href":"https:\/\/zk-suchab.pl\/index.php\/wp-json\/wp\/v2\/media?parent=326"}],"curies":[{"name":"wp","href":"https:\/\/api.w.org\/{rel}","templated":true}]}}