{"id":80,"date":"2014-03-13T09:34:05","date_gmt":"2014-03-13T09:34:05","guid":{"rendered":"https:\/\/www.testowe.org.pl\/index.php\/historia-zakladu-komunalnego\/"},"modified":"2024-12-19T09:17:46","modified_gmt":"2024-12-19T09:17:46","slug":"historia-zakladu-komunalnego","status":"publish","type":"page","link":"https:\/\/zk-suchab.pl\/index.php\/historia-zakladu-komunalnego\/","title":{"rendered":"Historia Zak\u0142adu Komunalnego"},"content":{"rendered":"<p><strong><span style=\"font-size: 10pt;\"><img loading=\"lazy\" decoding=\"async\" class=\" size-full wp-image-76\" src=\"https:\/\/zk-suchab.pl\/wp-content\/uploads\/2014\/03\/2monas-55e.jpg\" alt=\"2monas\" width=\"1041\" height=\"203\" \/><\/span><\/strong><\/p>\n<p>&nbsp;<\/p>\n<p><strong><span style=\"font-size: 10pt;\">10 grudnia 1969 r. Uchwa\u0142\u0105 Nr.11\/53\/69 Prezydium Miejskiej Rady Narodowej w Suchej<\/span><\/strong><\/p>\n<p><strong><span style=\"font-size: 10pt;\">Beskidzkiej utworzy\u0142o Miejskie Przedsi\u0119biorstwo Gospodarki Komunalnej w Suchej Beskidzkiej<\/span><\/strong><\/p>\n<p><strong><span style=\"font-size: 10pt;\">przy ulicy Zjednoczenia \/ obecnie przy ul. Pi\u0142sudskiego.<\/span><\/strong><\/p>\n<p><strong><span style=\"font-size: 10pt;\"><img loading=\"lazy\" decoding=\"async\" class=\" size-full wp-image-77\" src=\"https:\/\/zk-suchab.pl\/wp-content\/uploads\/2014\/03\/robotnik-aeb.jpg\" alt=\"robotnik\" width=\"604\" height=\"432\" \/><\/span><\/strong><\/p>\n<p>Przedmiotem dzia\u0142ania Przedsi\u0119biorstwa by\u0142o prowadzenie zak\u0142ad\u00f3w :<\/p>\n<p>1. Oczyszczanie Miasta-r\u0119czne zamiatanie ulic, wyw\u00f3z nieczysto\u015bci p\u0142ynnych.<\/p>\n<p>2. Gazownictwo Bezprzewodowe- instalacje gazowe, sprzeda\u017c gazu.<\/p>\n<p>3. Budowy oraz remonty dr\u00f3g i chodnik\u00f3w na terenie miasta Sucha Beskidzka oraz s\u0105siednich gminach<\/p>\n<p>4. Ziele\u0144 Miejska &#8211; obsadzanie rabat i ziele\u0144c\u00f3w na terenie miasta.<\/p>\n<p>5. Targowiska &#8211; obs\u0142uga targowiska.<\/p>\n<p>6. Ekipa Remontowo &#8211; Budowlana &#8211; budowa budynku przy ul. Batalion\u00f3w Ch\u0142opskich .<\/p>\n<p>7. Produkcja prefabrykat\u00f3w- wyr\u00f3b kr\u0119g\u00f3w, p\u0142ytek chodnikowych, kraw\u0119\u017cnik\u00f3w, obrze\u017cy.<\/p>\n<p>8. Us\u0142ugi pogrzebowe &#8211; sprzeda\u017c trumien, obs\u0142uga pogrzeb\u00f3w.<\/p>\n<p style=\"text-align: justify;\">W roku 1973 Miejskie Przedsi\u0119biorstwo Gospodarki Komunalnej zostaje przeniesione na ulic\u0119 Batalion\u00f3w Ch\u0142opskich ( obecnie ul. hr. J. Tarnowskiego), do nowo wybudowanego budynku wraz z zapleczem \/ magazyny , warsztaty samochodowe, stolarnia, blacharnia, szklarnia .Prezydium Miejskiej Rady Narodowej w Suchej Beskidzkiej powo\u0142a\u0142o Zak\u0142ad Gospodarki Mieszkaniowej i w\u0142\u0105czy\u0142o do zakresu dzia\u0142ania Miejskiego Przedsi\u0119biorstwa Gospodarki Komunalnej w Suchej Beskidzkiej. Jako Przedsi\u0119biorstwo Gospodarki Komunalnej i Mieszkaniowej prowadzi\u0142o Zak\u0142ady:<\/p>\n<p>* Zak\u0142ad Oczyszczania Miasta &#8211; zamiatanie ulic i wyw\u00f3z pojemnik\u00f3w, w p\u00f3\u017aniejszych latach wyw\u00f3z kontener\u00f3w i koszy ulicznych.<br \/>\n* Zak\u0142ad Gazu- sprzeda\u017c kuchenek gazowych, reduktor\u00f3w, butli oraz akcesorii gazowych, wykonywanie instalacji gazowych, nabijanie butli gazowych w magazynie &#8211; Jasnochowa.<br \/>\n* Zak\u0142ad Zieleni Miejskiej- hodowla kwiat\u00f3w, sadzonek w szklarni, sprzeda\u017c oraz klomb\u00f3w na terenie miasta i osiedlach mieszkaniowych.<br \/>\n* Zak\u0142ad Gospodarki Mieszkaniowej &#8211; administrowanie budynk\u00f3w komunalnych,odbi\u00f3r nowo wybudowanych blok\u00f3w, pobieranie czynszu, bie\u017c\u0105ca konserwacja blok\u00f3w i dozorowanie.<br \/>\n* Zak\u0142ad Remontowo ? Budowlany &#8211; wykonywanie remont\u00f3w dach\u00f3w, klatek schodowych, elewacji, wymiana rynien, rur spustowych, chodnik\u00f3w osiedlowych. Wykonywanie us\u0142ug w zakresie remont\u00f3w.<br \/>\n* Zak\u0142ad S\u0142u\u017cby Drogowej &#8211; budowa dr\u00f3g miejskich i gminnych, bie\u017c\u0105ce remonty dr\u00f3g w tym: wykopy row\u00f3w, wymiany korytek, p\u0142ytek chodnikowych, obrze\u017cy, rur.<br \/>\n* Zak\u0142ad Pogrzebowy &#8211; wykonywanie us\u0142ug pogrzebowych, sprzeda\u017c trumien, obs\u0142uga pogrzebu karawanem, wynajem Domu Pogrzebowego na Cmentarzu.<br \/>\n* Transport i Zaopatrzenie &#8211; Zostaje zwi\u0119kszony tabor samochodowy (Star- kontener, Jelcz asenizacyjny, Nysa-karawan, \u017buki, Koparki, kt\u00f3re by\u0142y wykorzystywane do prac komunalnych a tak\u017ce do us\u0142ug dla os\u00f3b indywidualnych. Do Kom\u00f3rki Zaopatrzenia nale\u017ca\u0142o zaopatrywanie w materia\u0142y i cz\u0119\u015bci samochodowe. Produkcja- wyr\u00f3b materia\u0142\u00f3w drogowych i budowlanych: korytka betonowe, rury betonowe, obrze\u017ca, p\u0142ytki chodnikowe, kraw\u0119\u017cniki, pustaki ; r\u00f3\u017cne wg zam\u00f3wie\u0144. Wyroby blacharskie i stolarskie wykonywano we w\u0142asnych warsztatach (rury spustowe, rynny, haki, drzwi, o\u015bcie\u017cnice, \u0142awki parkowe) oraz us\u0142ugi dla ludno\u015bci. Dobrze rozwijaj\u0105ca si\u0119 dzia\u0142alno\u015b\u0107 Zak\u0142adu, zmusi\u0142a w\u0142adze do utworzenia filii w Makowie Podhala\u0144skim, Zawoi, Jordanowie, w kt\u00f3rych wykonywane by\u0142y roboty zwi\u0105zane z potrzebami danego terenu.<\/p>\n<p>Zatrudnienie wynosi\u0142o oko\u0142o 300 os\u00f3b. \u00a0<img loading=\"lazy\" decoding=\"async\" class=\" size-full wp-image-78\" src=\"https:\/\/zk-suchab.pl\/wp-content\/uploads\/2014\/03\/robotnica-1da.jpg\" alt=\"robotnica\" width=\"531\" height=\"678\" srcset=\"https:\/\/zk-suchab.pl\/wp-content\/uploads\/2014\/03\/robotnica-1da.jpg 531w, https:\/\/zk-suchab.pl\/wp-content\/uploads\/2014\/03\/robotnica-1da-235x300.jpg 235w\" sizes=\"auto, (max-width: 531px) 100vw, 531px\" \/><\/p>\n<p><strong>29 listopada 1991 rok Przedsi\u0119biorstwo Gospodarki Komunalnej i Mieszkaniowej Uchwa\u0142\u0105<\/strong><\/p>\n<p><strong>Rady Miejskiej Nr XVI\/79\/91 zosta\u0142o przekszta\u0142cone w Zak\u0142ad Bud\u017cetowy pod nazw\u0105 Miejski<\/strong><\/p>\n<p><strong>Zak\u0142ad Gospodarki Komunalnej .<\/strong><\/p>\n<p>W roku 1995 Zak\u0142ad Gospodarki Mieszkaniowej zostaje przeniesiony do Urz\u0119du Miasta .<\/p>\n<p>Zakres dzia\u0142ania MZGK :<\/p>\n<p>&#8211; administrowanie sk\u0142adowiska odpad\u00f3w,<\/p>\n<p>&#8211; wyw\u00f3z nieczysto\u015bci sta\u0142ych w kontenerach z terenu gmin powiatu suskiego,<\/p>\n<p>&#8211; wyw\u00f3z nieczysto\u015bci p\u0142ynnych,<\/p>\n<p>&#8211; administrowanie kot\u0142owni osiedla XX-lecia- ogrzewanie blok\u00f3w komunalnych i sp\u00f3\u0142dzielczych<\/p>\n<p>&#8211; mechaniczne oczyszczanie ulic,<\/p>\n<p>&#8211; utrzymanie porz\u0105dku i czysto\u015bci w gminie Sucha Beskidzka .<\/p>\n<p style=\"text-align: justify;\">Uchwa\u0142\u0105 Rady Miasta Nr XVII\/167\/04 z dnia 30.04.2004r. w wyniku po\u0142\u0105czenia Miejskiego Zak\u0142adu Wodoci\u0105g\u00f3w i Kanalizacji oraz Miejskiego Zak\u0142adu Gospodarki Komunalnej w Suchej Beskidzkiej powsta\u0142 ZAK\u0141AD KOMUNALNY. Na czele zak\u0142adu stoi Dyrektor odpowiedzialny za ca\u0142okszta\u0142t dzia\u0142alno\u015bci zak\u0142adu. Obszarem dzia\u0142ania Zak\u0142adu jest miasto Sucha Beskidzka. Zak\u0142ad gospodaruje nast\u0119puj\u0105cym mieniem komunalnym Gminy Sucha Beskidzka przekazanym w zarz\u0105d :<\/p>\n<p>&#8211; oczyszczalni\u0105 \u015bciek\u00f3w,<\/p>\n<p>&#8211; stacj\u0105 uzdatniania wody,<\/p>\n<p>&#8211; sieci\u0105 wodoci\u0105gow\u0105 ,<\/p>\n<p>&#8211; sieci\u0105 kanalizacji sanitarnej i deszczowej.<\/p>\n<p>Przedmiotem dzia\u0142alno\u015bci Zak\u0142adu jest :<\/p>\n<p>&#8211; zbiorowe zaopatrzenie w wod\u0119 oraz zbiorowe odprowadzanie \u015bciek\u00f3w z terenu Gminy Sucha Beskidzka,<\/p>\n<p>&#8211; eksploatacja oczyszczalni \u015bciek\u00f3w,<\/p>\n<p>&#8211; obs\u0142uga urz\u0105dze\u0144 komunalnych,<\/p>\n<p>&#8211; wykonywanie pod\u0142\u0105cze\u0144 wodoci\u0105gowych i kanalizacyjnych,<\/p>\n<p>&#8211; utrzymywanie czysto\u015bci i porz\u0105dku w Gminie,<\/p>\n<p>&#8211; odbi\u00f3r odpad\u00f3w komunalnych sta\u0142ych od w\u0142a\u015bcicieli nieruchomo\u015bci i najemc\u00f3w,<\/p>\n<p>&#8211; remonty dr\u00f3g chodnik\u00f3w i plac\u00f3w na terenie gminy w ramach bie\u017c\u0105cej obs\u0142ugi i zada\u0144 inwestycyjnych,<\/p>\n<p>&#8211; zimowe utrzymywanie dr\u00f3g gminnych i wewn\u0119trznych,<\/p>\n<p>&#8211; us\u0142ugi na rzecz os\u00f3b indywidualnych &#8211; wynajem sprz\u0119tu budowlanego.<\/p>\n<p>&nbsp;<\/p>\n<p><img loading=\"lazy\" decoding=\"async\" class=\" size-full wp-image-79\" src=\"https:\/\/zk-suchab.pl\/wp-content\/uploads\/2014\/03\/kopiman-78c.jpg\" alt=\"kopiman\" width=\"1038\" height=\"332\" \/><\/p>\n<p>&nbsp;<\/p>\n","protected":false},"excerpt":{"rendered":"<p>&nbsp; 10 grudnia 1969 r. Uchwa\u0142\u0105 Nr.11\/53\/69 Prezydium Miejskiej Rady Narodowej w Suchej Beskidzkiej utworzy\u0142o Miejskie Przedsi\u0119biorstwo Gospodarki Komunalnej w Suchej Beskidzkiej przy ulicy Zjednoczenia \/ obecnie przy ul. Pi\u0142sudskiego. Przedmiotem dzia\u0142ania Przedsi\u0119biorstwa by\u0142o prowadzenie zak\u0142ad\u00f3w : 1. Oczyszczanie Miasta-r\u0119czne zamiatanie ulic, wyw\u00f3z nieczysto\u015bci p\u0142ynnych. 2. Gazownictwo Bezprzewodowe- instalacje gazowe, sprzeda\u017c gazu. 3. Budowy oraz [&hellip;]<\/p>\n","protected":false},"author":1,"featured_media":76,"parent":0,"menu_order":52,"comment_status":"closed","ping_status":"closed","template":"","meta":{"footnotes":""},"class_list":["post-80","page","type-page","status-publish","has-post-thumbnail","hentry","post","post-with-thumbnail","post-with-thumbnail-large"],"_links":{"self":[{"href":"https:\/\/zk-suchab.pl\/index.php\/wp-json\/wp\/v2\/pages\/80","targetHints":{"allow":["GET"]}}],"collection":[{"href":"https:\/\/zk-suchab.pl\/index.php\/wp-json\/wp\/v2\/pages"}],"about":[{"href":"https:\/\/zk-suchab.pl\/index.php\/wp-json\/wp\/v2\/types\/page"}],"author":[{"embeddable":true,"href":"https:\/\/zk-suchab.pl\/index.php\/wp-json\/wp\/v2\/users\/1"}],"replies":[{"embeddable":true,"href":"https:\/\/zk-suchab.pl\/index.php\/wp-json\/wp\/v2\/comments?post=80"}],"version-history":[{"count":2,"href":"https:\/\/zk-suchab.pl\/index.php\/wp-json\/wp\/v2\/pages\/80\/revisions"}],"predecessor-version":[{"id":1774,"href":"https:\/\/zk-suchab.pl\/index.php\/wp-json\/wp\/v2\/pages\/80\/revisions\/1774"}],"wp:featuredmedia":[{"embeddable":true,"href":"https:\/\/zk-suchab.pl\/index.php\/wp-json\/wp\/v2\/media\/76"}],"wp:attachment":[{"href":"https:\/\/zk-suchab.pl\/index.php\/wp-json\/wp\/v2\/media?parent=80"}],"curies":[{"name":"wp","href":"https:\/\/api.w.org\/{rel}","templated":true}]}}