{"id":802,"date":"2018-10-12T10:16:06","date_gmt":"2018-10-12T10:16:06","guid":{"rendered":"https:\/\/www.testowe.org.pl\/index.php\/regulamin-dostarczania-wody-i-odprowadzania-sciekow-2\/"},"modified":"2024-05-17T10:19:30","modified_gmt":"2024-05-17T10:19:30","slug":"regulamin-dostarczania-wody-i-odprowadzania-sciekow-2","status":"publish","type":"page","link":"https:\/\/zk-suchab.pl\/index.php\/regulamin-dostarczania-wody-i-odprowadzania-sciekow-2\/","title":{"rendered":"Regulamin dostarczania wody i odprowadzenia \u015bciek\u00f3w"},"content":{"rendered":"<p>&nbsp;<\/p>\n<p><span style=\"font-size: 12pt;\"><span style=\"font-family: tahoma, arial, helvetica, sans-serif; color: #000000;\">1. R<\/span><span style=\"color: #000000;\">egulaminu dostarczania wody i\u00a0odprowadzania \u015bciek\u00f3w &#8211;<\/span> <strong><a style=\"font-family: tahoma, arial, helvetica, sans-serif; font-size: 12pt; background-color: inherit;\" href=\"https:\/\/zk-suchab.pl\/wp-content\/uploads\/2018\/10\/Regulamin-32b.pdf\" target=\"_blank\" rel=\"noopener\">p o b i e r z<\/a><\/strong><\/span><\/p>\n<p><span style=\"font-family: tahoma, arial, helvetica, sans-serif; color: #000000; font-size: 12pt;\">2. Regulamin utrzymania porz\u0105dku w Gminie Sucha Beskidzka &#8211; <strong><a href=\"https:\/\/zk-suchab.pl\/wp-content\/uploads\/2018\/10\/akt-ddc.pdf\" target=\"_blank\" rel=\"noopener\">p o b i e r z<\/a><\/strong><\/span><\/p>\n<p>&nbsp;<\/p>\n<p>&nbsp;<\/p>\n<p>&nbsp;<\/p>\n","protected":false},"excerpt":{"rendered":"<p>&nbsp; 1. Regulaminu dostarczania wody i\u00a0odprowadzania \u015bciek\u00f3w &#8211; p o b i e r z 2. Regulamin utrzymania porz\u0105dku w Gminie Sucha Beskidzka &#8211; p o b i e r z &nbsp; &nbsp; &nbsp;<\/p>\n","protected":false},"author":1,"featured_media":0,"parent":0,"menu_order":3,"comment_status":"closed","ping_status":"closed","template":"","meta":{"footnotes":""},"class_list":["post-802","page","type-page","status-publish","hentry","post"],"_links":{"self":[{"href":"https:\/\/zk-suchab.pl\/index.php\/wp-json\/wp\/v2\/pages\/802","targetHints":{"allow":["GET"]}}],"collection":[{"href":"https:\/\/zk-suchab.pl\/index.php\/wp-json\/wp\/v2\/pages"}],"about":[{"href":"https:\/\/zk-suchab.pl\/index.php\/wp-json\/wp\/v2\/types\/page"}],"author":[{"embeddable":true,"href":"https:\/\/zk-suchab.pl\/index.php\/wp-json\/wp\/v2\/users\/1"}],"replies":[{"embeddable":true,"href":"https:\/\/zk-suchab.pl\/index.php\/wp-json\/wp\/v2\/comments?post=802"}],"version-history":[{"count":2,"href":"https:\/\/zk-suchab.pl\/index.php\/wp-json\/wp\/v2\/pages\/802\/revisions"}],"predecessor-version":[{"id":1385,"href":"https:\/\/zk-suchab.pl\/index.php\/wp-json\/wp\/v2\/pages\/802\/revisions\/1385"}],"wp:attachment":[{"href":"https:\/\/zk-suchab.pl\/index.php\/wp-json\/wp\/v2\/media?parent=802"}],"curies":[{"name":"wp","href":"https:\/\/api.w.org\/{rel}","templated":true}]}}